{"id":74,"date":"2021-01-17T16:05:30","date_gmt":"2021-01-17T15:05:30","guid":{"rendered":"https:\/\/kinderartikelboerse-pratteln.ch\/?page_id=74"},"modified":"2026-03-19T17:01:40","modified_gmt":"2026-03-19T16:01:40","slug":"sponsoren","status":"publish","type":"page","link":"https:\/\/www.kinderartikelboerse-pratteln.ch\/?page_id=74","title":{"rendered":"Sponsoren"},"content":{"rendered":"\n<p class=\"has-text-align-center\" style=\"font-size:29px\"><strong>Hier k\u00f6nnten Sie stehen!<\/strong><\/p>\n\n\n\n<div class=\"wp-block-media-text alignwide is-stacked-on-mobile\" style=\"grid-template-columns:15% auto\"><figure class=\"wp-block-media-text__media\"><img loading=\"lazy\" decoding=\"async\" width=\"512\" height=\"318\" src=\"https:\/\/192.168.1.122\/wordpress\/wp-content\/uploads\/2021\/01\/5rGcEpswCZRbTrqmyqS_9yP6w77iv69wOx3hiSPzIQVmhgN0BujTWBOCY3B-SG0rU6jkILaM0qlDo3h877BxObU9EH_AvbSG3AbxDedkMnkZ_vAlAst5.jpg\" alt=\"\" class=\"wp-image-432 size-full\" srcset=\"https:\/\/www.kinderartikelboerse-pratteln.ch\/wp-content\/uploads\/2021\/01\/5rGcEpswCZRbTrqmyqS_9yP6w77iv69wOx3hiSPzIQVmhgN0BujTWBOCY3B-SG0rU6jkILaM0qlDo3h877BxObU9EH_AvbSG3AbxDedkMnkZ_vAlAst5.jpg 512w, https:\/\/www.kinderartikelboerse-pratteln.ch\/wp-content\/uploads\/2021\/01\/5rGcEpswCZRbTrqmyqS_9yP6w77iv69wOx3hiSPzIQVmhgN0BujTWBOCY3B-SG0rU6jkILaM0qlDo3h877BxObU9EH_AvbSG3AbxDedkMnkZ_vAlAst5-300x186.jpg 300w\" sizes=\"auto, (max-width: 512px) 100vw, 512px\" \/><\/figure><div class=\"wp-block-media-text__content\">\n<p style=\"font-size:15px\">Ein grosses DANKE an die Gemeinde Pratteln, dass wir 2 Mal im Jahr den Saal im Kuspo benutzen d\u00fcrfen und dazu noch die tatkr\u00e4ftige Unterst\u00fctzung der 3 Kuspo-Abwarte haben.<\/p>\n\n\n\n<blockquote class=\"wp-block-quote is-layout-flow wp-block-quote-is-layout-flow\">\n<p><a href=\"https:\/\/gemeinde-schweiz.ch\/kanton-baselland\/pratteln\">https:\/\/gemeinde-schweiz.ch\/kanton-baselland\/pratteln<\/a><\/p>\n<\/blockquote>\n<\/div><\/div>\n\n\n\n<hr class=\"wp-block-separator has-alpha-channel-opacity has-electric-grass-gradient-background has-background is-style-wide\"\/>\n\n\n\n<p class=\"has-text-align-center has-subtle-background-background-color has-background has-small-font-size\"><em><em><em><em><em><strong><mark style=\"background-color:rgba(0, 0, 0, 0)\" class=\"has-inline-color has-primary-color\"><br><\/mark><\/strong><\/em><\/em><\/em><\/em><\/em><strong><mark style=\"background-color:rgba(0, 0, 0, 0)\" class=\"has-inline-color has-primary-color\">Fr\u00fchling 2026: Dienstag 24. &amp; Mittwoch 25. M\u00e4rz <\/mark><\/strong><\/p>\n\n\n\n<p class=\"has-text-align-left has-subtle-background-background-color has-background has-small-font-size\"><em><em><mark style=\"background-color:rgba(0, 0, 0, 0)\" class=\"has-inline-color has-secondary-color\"><em><em><mark style=\"background-color:rgba(0, 0, 0, 0)\" class=\"has-inline-color has-secondary-color\"><em><em><mark style=\"background-color:rgba(0, 0, 0, 0)\" class=\"has-inline-color has-secondary-color\">Herbst 2026: Freitag 11.&amp; Samstag 12. Sept<\/mark><\/em><\/em>.<\/mark><\/em><\/em>   <\/mark><\/em><\/em><\/p>\n\n\n\n<p class=\"has-text-align-left has-subtle-background-background-color has-background has-small-font-size\"><mark style=\"background-color:rgba(0, 0, 0, 0)\" class=\"has-inline-color has-secondary-color\"><mark style=\"background-color:rgba(0, 0, 0, 0)\" class=\"has-inline-color has-secondary-color\"><em><em>Fr\u00fchling <em><em><mark style=\"background-color:rgba(0, 0, 0, 0)\" class=\"has-inline-color has-secondary-color\"><em><em><mark style=\"background-color:rgba(0, 0, 0, 0)\" class=\"has-inline-color has-secondary-color\">202<\/mark><\/em><\/em>7:<\/mark><\/em><\/em><\/em><\/em> <em><em><em><em>Dienstag 6. &amp; Mittwoch 7. April<\/em><\/em><\/em><\/em><\/mark><\/mark><\/p>\n\n\n\n<p class=\"has-text-align-left has-subtle-background-background-color has-background has-small-font-size\"><mark style=\"background-color:rgba(0, 0, 0, 0)\" class=\"has-inline-color has-secondary-color\"><em><em>Herbst <em><em><mark style=\"background-color:rgba(0, 0, 0, 0)\" class=\"has-inline-color has-secondary-color\"><em><em><mark style=\"background-color:rgba(0, 0, 0, 0)\" class=\"has-inline-color has-secondary-color\">202<\/mark><\/em><\/em>7:<\/mark><\/em><\/em><\/em><\/em> <em><em><em><em>Freitag 17. &amp; Samstag 18. September<\/em><\/em><\/em><\/em><\/mark><em><span class=\"has-inline-color has-secondary-color\"><em><em><em><em><span class=\"has-inline-color has-secondary-color\"><strong><span class=\"has-inline-color has-secondary-color\"><br><\/span><\/strong><\/span><\/em><\/em><\/em><\/em><\/span><\/em><\/p>\n","protected":false},"excerpt":{"rendered":"<p>Hier k\u00f6nnten Sie stehen! Fr\u00fchling 2026: Dienstag 24. &amp; Mittwoch 25. M\u00e4rz Herbst 2026: Freitag 11.&amp; Samstag 12. Sept. Fr\u00fchling 2027: Dienstag 6. &amp; Mittwoch 7. April Herbst 2027: Freitag 17. &amp; Samstag 18. September<\/p>\n","protected":false},"author":1,"featured_media":586,"parent":0,"menu_order":0,"comment_status":"closed","ping_status":"closed","template":"templates\/template-cover.php","meta":{"footnotes":""},"class_list":["post-74","page","type-page","status-publish","has-post-thumbnail","hentry"],"yoast_head":"<!-- This site is optimized with the Yoast SEO plugin v26.7 - https:\/\/yoast.com\/wordpress\/plugins\/seo\/ -->\n<title>Sponsoren - Kinderartikelb\u00f6rse Pratteln<\/title>\n<meta name=\"robots\" content=\"index, follow, max-snippet:-1, max-image-preview:large, max-video-preview:-1\" \/>\n<link rel=\"canonical\" href=\"https:\/\/www.kinderartikelboerse-pratteln.ch\/?page_id=74\" \/>\n<meta property=\"og:locale\" content=\"de_DE\" \/>\n<meta property=\"og:type\" content=\"article\" \/>\n<meta property=\"og:title\" content=\"Sponsoren - Kinderartikelb\u00f6rse Pratteln\" \/>\n<meta property=\"og:description\" content=\"Hier k\u00f6nnten Sie stehen! Fr\u00fchling 2026: Dienstag 24. &amp; Mittwoch 25. M\u00e4rz Herbst 2026: Freitag 11.&amp; Samstag 12. Sept. Fr\u00fchling 2027: Dienstag 6. &amp; Mittwoch 7. April Herbst 2027: Freitag 17. &amp; Samstag 18. September\" \/>\n<meta property=\"og:url\" content=\"https:\/\/www.kinderartikelboerse-pratteln.ch\/?page_id=74\" \/>\n<meta property=\"og:site_name\" content=\"Kinderartikelb\u00f6rse Pratteln\" \/>\n<meta property=\"article:publisher\" content=\"https:\/\/fb.me\/e\/1zwpyha9V\" \/>\n<meta property=\"article:modified_time\" content=\"2026-03-19T16:01:40+00:00\" \/>\n<meta property=\"og:image\" content=\"https:\/\/www.kinderartikelboerse-pratteln.ch\/wp-content\/uploads\/2021\/02\/IMG_20200203_114228-scaled.jpg\" \/>\n\t<meta property=\"og:image:width\" content=\"2560\" \/>\n\t<meta property=\"og:image:height\" content=\"1920\" \/>\n\t<meta property=\"og:image:type\" content=\"image\/jpeg\" \/>\n<meta name=\"twitter:card\" content=\"summary_large_image\" \/>\n<meta name=\"twitter:label1\" content=\"Gesch\u00e4tzte Lesezeit\" \/>\n\t<meta name=\"twitter:data1\" content=\"1 Minute\" \/>\n<script type=\"application\/ld+json\" class=\"yoast-schema-graph\">{\"@context\":\"https:\/\/schema.org\",\"@graph\":[{\"@type\":\"WebPage\",\"@id\":\"https:\/\/www.kinderartikelboerse-pratteln.ch\/?page_id=74\",\"url\":\"https:\/\/www.kinderartikelboerse-pratteln.ch\/?page_id=74\",\"name\":\"Sponsoren - Kinderartikelb\u00f6rse Pratteln\",\"isPartOf\":{\"@id\":\"https:\/\/www.kinderartikelboerse-pratteln.ch\/#website\"},\"primaryImageOfPage\":{\"@id\":\"https:\/\/www.kinderartikelboerse-pratteln.ch\/?page_id=74#primaryimage\"},\"image\":{\"@id\":\"https:\/\/www.kinderartikelboerse-pratteln.ch\/?page_id=74#primaryimage\"},\"thumbnailUrl\":\"https:\/\/www.kinderartikelboerse-pratteln.ch\/wp-content\/uploads\/2021\/02\/IMG_20200203_114228-scaled.jpg\",\"datePublished\":\"2021-01-17T15:05:30+00:00\",\"dateModified\":\"2026-03-19T16:01:40+00:00\",\"breadcrumb\":{\"@id\":\"https:\/\/www.kinderartikelboerse-pratteln.ch\/?page_id=74#breadcrumb\"},\"inLanguage\":\"de-CH\",\"potentialAction\":[{\"@type\":\"ReadAction\",\"target\":[\"https:\/\/www.kinderartikelboerse-pratteln.ch\/?page_id=74\"]}]},{\"@type\":\"ImageObject\",\"inLanguage\":\"de-CH\",\"@id\":\"https:\/\/www.kinderartikelboerse-pratteln.ch\/?page_id=74#primaryimage\",\"url\":\"https:\/\/www.kinderartikelboerse-pratteln.ch\/wp-content\/uploads\/2021\/02\/IMG_20200203_114228-scaled.jpg\",\"contentUrl\":\"https:\/\/www.kinderartikelboerse-pratteln.ch\/wp-content\/uploads\/2021\/02\/IMG_20200203_114228-scaled.jpg\",\"width\":2560,\"height\":1920},{\"@type\":\"BreadcrumbList\",\"@id\":\"https:\/\/www.kinderartikelboerse-pratteln.ch\/?page_id=74#breadcrumb\",\"itemListElement\":[{\"@type\":\"ListItem\",\"position\":1,\"name\":\"Startseite\",\"item\":\"https:\/\/www.kinderartikelboerse-pratteln.ch\/\"},{\"@type\":\"ListItem\",\"position\":2,\"name\":\"Sponsoren\"}]},{\"@type\":\"WebSite\",\"@id\":\"https:\/\/www.kinderartikelboerse-pratteln.ch\/#website\",\"url\":\"https:\/\/www.kinderartikelboerse-pratteln.ch\/\",\"name\":\"Kinderartikelb\u00f6rse Pratteln\",\"description\":\"\",\"publisher\":{\"@id\":\"https:\/\/www.kinderartikelboerse-pratteln.ch\/#organization\"},\"potentialAction\":[{\"@type\":\"SearchAction\",\"target\":{\"@type\":\"EntryPoint\",\"urlTemplate\":\"https:\/\/www.kinderartikelboerse-pratteln.ch\/?s={search_term_string}\"},\"query-input\":{\"@type\":\"PropertyValueSpecification\",\"valueRequired\":true,\"valueName\":\"search_term_string\"}}],\"inLanguage\":\"de-CH\"},{\"@type\":\"Organization\",\"@id\":\"https:\/\/www.kinderartikelboerse-pratteln.ch\/#organization\",\"name\":\"Kinderartikelb\u00f6rse Pratteln\",\"url\":\"https:\/\/www.kinderartikelboerse-pratteln.ch\/\",\"logo\":{\"@type\":\"ImageObject\",\"inLanguage\":\"de-CH\",\"@id\":\"https:\/\/www.kinderartikelboerse-pratteln.ch\/#\/schema\/logo\/image\/\",\"url\":\"https:\/\/www.kinderartikelboerse-pratteln.ch\/wp-content\/uploads\/2021\/02\/cropped-Logo_Hintergrund_transparent.jpg\",\"contentUrl\":\"https:\/\/www.kinderartikelboerse-pratteln.ch\/wp-content\/uploads\/2021\/02\/cropped-Logo_Hintergrund_transparent.jpg\",\"width\":400,\"height\":398,\"caption\":\"Kinderartikelb\u00f6rse Pratteln\"},\"image\":{\"@id\":\"https:\/\/www.kinderartikelboerse-pratteln.ch\/#\/schema\/logo\/image\/\"},\"sameAs\":[\"https:\/\/fb.me\/e\/1zwpyha9V\",\"https:\/\/www.instagram.com\/kinderartikelboerse_pratteln\/\"]}]}<\/script>\n<!-- \/ Yoast SEO plugin. -->","yoast_head_json":{"title":"Sponsoren - Kinderartikelb\u00f6rse Pratteln","robots":{"index":"index","follow":"follow","max-snippet":"max-snippet:-1","max-image-preview":"max-image-preview:large","max-video-preview":"max-video-preview:-1"},"canonical":"https:\/\/www.kinderartikelboerse-pratteln.ch\/?page_id=74","og_locale":"de_DE","og_type":"article","og_title":"Sponsoren - Kinderartikelb\u00f6rse Pratteln","og_description":"Hier k\u00f6nnten Sie stehen! Fr\u00fchling 2026: Dienstag 24. &amp; Mittwoch 25. M\u00e4rz Herbst 2026: Freitag 11.&amp; Samstag 12. Sept. Fr\u00fchling 2027: Dienstag 6. &amp; Mittwoch 7. April Herbst 2027: Freitag 17. &amp; Samstag 18. September","og_url":"https:\/\/www.kinderartikelboerse-pratteln.ch\/?page_id=74","og_site_name":"Kinderartikelb\u00f6rse Pratteln","article_publisher":"https:\/\/fb.me\/e\/1zwpyha9V","article_modified_time":"2026-03-19T16:01:40+00:00","og_image":[{"width":2560,"height":1920,"url":"https:\/\/www.kinderartikelboerse-pratteln.ch\/wp-content\/uploads\/2021\/02\/IMG_20200203_114228-scaled.jpg","type":"image\/jpeg"}],"twitter_card":"summary_large_image","twitter_misc":{"Gesch\u00e4tzte Lesezeit":"1 Minute"},"schema":{"@context":"https:\/\/schema.org","@graph":[{"@type":"WebPage","@id":"https:\/\/www.kinderartikelboerse-pratteln.ch\/?page_id=74","url":"https:\/\/www.kinderartikelboerse-pratteln.ch\/?page_id=74","name":"Sponsoren - Kinderartikelb\u00f6rse Pratteln","isPartOf":{"@id":"https:\/\/www.kinderartikelboerse-pratteln.ch\/#website"},"primaryImageOfPage":{"@id":"https:\/\/www.kinderartikelboerse-pratteln.ch\/?page_id=74#primaryimage"},"image":{"@id":"https:\/\/www.kinderartikelboerse-pratteln.ch\/?page_id=74#primaryimage"},"thumbnailUrl":"https:\/\/www.kinderartikelboerse-pratteln.ch\/wp-content\/uploads\/2021\/02\/IMG_20200203_114228-scaled.jpg","datePublished":"2021-01-17T15:05:30+00:00","dateModified":"2026-03-19T16:01:40+00:00","breadcrumb":{"@id":"https:\/\/www.kinderartikelboerse-pratteln.ch\/?page_id=74#breadcrumb"},"inLanguage":"de-CH","potentialAction":[{"@type":"ReadAction","target":["https:\/\/www.kinderartikelboerse-pratteln.ch\/?page_id=74"]}]},{"@type":"ImageObject","inLanguage":"de-CH","@id":"https:\/\/www.kinderartikelboerse-pratteln.ch\/?page_id=74#primaryimage","url":"https:\/\/www.kinderartikelboerse-pratteln.ch\/wp-content\/uploads\/2021\/02\/IMG_20200203_114228-scaled.jpg","contentUrl":"https:\/\/www.kinderartikelboerse-pratteln.ch\/wp-content\/uploads\/2021\/02\/IMG_20200203_114228-scaled.jpg","width":2560,"height":1920},{"@type":"BreadcrumbList","@id":"https:\/\/www.kinderartikelboerse-pratteln.ch\/?page_id=74#breadcrumb","itemListElement":[{"@type":"ListItem","position":1,"name":"Startseite","item":"https:\/\/www.kinderartikelboerse-pratteln.ch\/"},{"@type":"ListItem","position":2,"name":"Sponsoren"}]},{"@type":"WebSite","@id":"https:\/\/www.kinderartikelboerse-pratteln.ch\/#website","url":"https:\/\/www.kinderartikelboerse-pratteln.ch\/","name":"Kinderartikelb\u00f6rse Pratteln","description":"","publisher":{"@id":"https:\/\/www.kinderartikelboerse-pratteln.ch\/#organization"},"potentialAction":[{"@type":"SearchAction","target":{"@type":"EntryPoint","urlTemplate":"https:\/\/www.kinderartikelboerse-pratteln.ch\/?s={search_term_string}"},"query-input":{"@type":"PropertyValueSpecification","valueRequired":true,"valueName":"search_term_string"}}],"inLanguage":"de-CH"},{"@type":"Organization","@id":"https:\/\/www.kinderartikelboerse-pratteln.ch\/#organization","name":"Kinderartikelb\u00f6rse Pratteln","url":"https:\/\/www.kinderartikelboerse-pratteln.ch\/","logo":{"@type":"ImageObject","inLanguage":"de-CH","@id":"https:\/\/www.kinderartikelboerse-pratteln.ch\/#\/schema\/logo\/image\/","url":"https:\/\/www.kinderartikelboerse-pratteln.ch\/wp-content\/uploads\/2021\/02\/cropped-Logo_Hintergrund_transparent.jpg","contentUrl":"https:\/\/www.kinderartikelboerse-pratteln.ch\/wp-content\/uploads\/2021\/02\/cropped-Logo_Hintergrund_transparent.jpg","width":400,"height":398,"caption":"Kinderartikelb\u00f6rse Pratteln"},"image":{"@id":"https:\/\/www.kinderartikelboerse-pratteln.ch\/#\/schema\/logo\/image\/"},"sameAs":["https:\/\/fb.me\/e\/1zwpyha9V","https:\/\/www.instagram.com\/kinderartikelboerse_pratteln\/"]}]}},"_links":{"self":[{"href":"https:\/\/www.kinderartikelboerse-pratteln.ch\/index.php?rest_route=\/wp\/v2\/pages\/74","targetHints":{"allow":["GET"]}}],"collection":[{"href":"https:\/\/www.kinderartikelboerse-pratteln.ch\/index.php?rest_route=\/wp\/v2\/pages"}],"about":[{"href":"https:\/\/www.kinderartikelboerse-pratteln.ch\/index.php?rest_route=\/wp\/v2\/types\/page"}],"author":[{"embeddable":true,"href":"https:\/\/www.kinderartikelboerse-pratteln.ch\/index.php?rest_route=\/wp\/v2\/users\/1"}],"replies":[{"embeddable":true,"href":"https:\/\/www.kinderartikelboerse-pratteln.ch\/index.php?rest_route=%2Fwp%2Fv2%2Fcomments&post=74"}],"version-history":[{"count":66,"href":"https:\/\/www.kinderartikelboerse-pratteln.ch\/index.php?rest_route=\/wp\/v2\/pages\/74\/revisions"}],"predecessor-version":[{"id":3220,"href":"https:\/\/www.kinderartikelboerse-pratteln.ch\/index.php?rest_route=\/wp\/v2\/pages\/74\/revisions\/3220"}],"wp:featuredmedia":[{"embeddable":true,"href":"https:\/\/www.kinderartikelboerse-pratteln.ch\/index.php?rest_route=\/wp\/v2\/media\/586"}],"wp:attachment":[{"href":"https:\/\/www.kinderartikelboerse-pratteln.ch\/index.php?rest_route=%2Fwp%2Fv2%2Fmedia&parent=74"}],"curies":[{"name":"wp","href":"https:\/\/api.w.org\/{rel}","templated":true}]}}