{"id":58,"date":"2021-01-17T14:47:32","date_gmt":"2021-01-17T13:47:32","guid":{"rendered":"https:\/\/kinderartikelboerse-pratteln.ch\/?page_id=58"},"modified":"2026-04-17T10:54:31","modified_gmt":"2026-04-17T08:54:31","slug":"bitte-beachten-sie-unser-schutzkonzept","status":"publish","type":"page","link":"https:\/\/www.kinderartikelboerse-pratteln.ch\/","title":{"rendered":""},"content":{"rendered":"\n<p class=\"has-text-align-center\" style=\"font-size:24px\"><strong><mark style=\"background-color:rgba(0, 0, 0, 0);color: #63a300;\" class=\"has-inline-color\">Herzlich Willkommen auf unserer Kinderartikelb\u00f6rse-Pratteln Homepage<\/mark><\/strong><\/p>\n\n\n\n<p class=\"has-text-align-center\" style=\"font-size:24px\"><strong><mark style=\"background-color:rgba(0, 0, 0, 0);color:#e5300a\" class=\"has-inline-color\"><\/mark><\/strong>An unserer B\u00f6rse k\u00f6nnen gebrauchte Spielsachen, Kinderkleider, B\u00fccher, Fahrhaben und Schuhe verkauft und gekauft werden.<\/p>\n\n\n\n<p class=\"has-very-light-gray-to-cyan-bluish-gray-gradient-background has-background\">Hygeneartikel oder hygenisch nicht vertretbare Artikel werden nicht angenommen, dazu geh\u00f6ren auch alle Pl\u00fcschtiere. Ebenfalls nehmen wir keine Wintersachen und Kost\u00fcme aller Art an.<\/p>\n\n\n\n<p class=\"has-text-align-center has-pale-ocean-gradient-background has-background\">N\u00e4chste B\u00f6rse Tage im Herbst am Freitag 11. &amp; 12.9.26<\/p>\n\n\n\n<div class=\"wp-block-media-text is-stacked-on-mobile\" style=\"grid-template-columns:15% auto\"><figure class=\"wp-block-media-text__media\"><img loading=\"lazy\" decoding=\"async\" width=\"1024\" height=\"337\" src=\"https:\/\/www.kinderartikelboerse-pratteln.ch\/wp-content\/uploads\/2026\/01\/Twint.svg_-2-1024x337.png\" alt=\"\" class=\"wp-image-3139 size-full\" srcset=\"https:\/\/www.kinderartikelboerse-pratteln.ch\/wp-content\/uploads\/2026\/01\/Twint.svg_-2-1024x337.png 1024w, https:\/\/www.kinderartikelboerse-pratteln.ch\/wp-content\/uploads\/2026\/01\/Twint.svg_-2-300x99.png 300w, https:\/\/www.kinderartikelboerse-pratteln.ch\/wp-content\/uploads\/2026\/01\/Twint.svg_-2-768x253.png 768w, https:\/\/www.kinderartikelboerse-pratteln.ch\/wp-content\/uploads\/2026\/01\/Twint.svg_-2-1200x395.png 1200w, https:\/\/www.kinderartikelboerse-pratteln.ch\/wp-content\/uploads\/2026\/01\/Twint.svg_-2.png 1280w\" sizes=\"auto, (max-width: 1024px) 100vw, 1024px\" \/><\/figure><div class=\"wp-block-media-text__content\">\n<p>Wir akzeptieren TWINT und Barzahlung.<\/p>\n<\/div><\/div>\n\n\n\n<div class=\"wp-block-group\"><div class=\"wp-block-group__inner-container is-layout-constrained wp-block-group-is-layout-constrained\">\n<figure class=\"wp-block-table\"><table><tbody><tr><td class=\"has-text-align-left\" data-align=\"left\"><strong>Annahme <\/strong> <br>Dienstag: 09:00-17:00 Uhr<br><br><strong>Verkauf<\/strong><br>Mittwoch: 09:00-15:00 Uhr<br><br><strong>R\u00fcckgabe<\/strong> <br>Mittwoch: 18:00- 19:00 Uhr<\/td><\/tr><\/tbody><\/table><\/figure>\n\n\n\n<figure class=\"wp-block-table\"><table><tbody><tr><td class=\"has-text-align-left\" data-align=\"left\"><strong>Kaffee <\/strong> <br>Mittwoch: 09:00-15:00 Uhr<br><br><strong>Hort<\/strong><br>Mittwoch: 09:00-15:00 Uhr <br><\/td><\/tr><\/tbody><\/table><\/figure>\n<\/div><\/div>\n\n\n\n<p class=\"has-text-color has-larger-font-size\" style=\"color:#80bd2b\"><mark style=\"background-color:rgba(0, 0, 0, 0);color:#63a300\" class=\"has-inline-color\"><strong> <\/strong><\/mark><strong>Kinderartikelb\u00f6rse Pratteln<\/strong><\/p>\n\n\n\n<p>Kultur und Sportzentrum (Kuspo) Pratteln                                                                        Oberemattstrasse 13                                                                                                              4133 Pratteln                                                                                                                          <\/p>\n\n\n\n<p><strong>Tram 14 bis Endstation<\/strong> &#8211; Schlossstrasse                                                                       <strong>Zu Fuss<\/strong> &#8211; ca 9 Min durch die Schlosstrasse, beim Schulhaus   Grossmatt, \u00fcber den Fussg\u00e4ngerstreifen in die kleine Seitenstrasse hinter dem Schluss<\/p>\n\n\n\n<iframe loading=\"lazy\" src=\"https:\/\/www.google.com\/maps\/embed?pb=!1m18!1m12!1m3!1d2694.4880487819873!2d7.6935594156274725!3d47.519360579178965!2m3!1f0!2f0!3f0!3m2!1i1024!2i768!4f13.1!3m3!1m2!1s0x4791b6114a311063%3A0xba60ea9739b6bb79!2sKultur-%20und%20Sportzentrum%20(Kuspo)!5e0!3m2!1sde!2sch!4v1612111902016!5m2!1sde!2sch\" style=\"border:1;\" allowfullscreen=\"\" aria-hidden=\"false\" tabindex=\"0\" width=\"400\" height=\"100\" frameborder=\"0\"><\/iframe>\n\n\n\n<p style=\"font-size:19px\"><mark style=\"background-color:rgba(0, 0, 0, 0);color:#63a300\" class=\"has-inline-color\"><strong>Parkpl\u00e4tze sind vorhanden, beim Kuspo, gegen Geb\u00fchren!!!<\/strong><\/mark><\/p>\n\n\n\n<p>Bei Fragen kann mit uns per Mail Kontakt aufgenommen werden.<\/p>\n\n\n\n<div class=\"wp-block-buttons is-layout-flex wp-block-buttons-is-layout-flex\">\n<div class=\"wp-block-button is-style-outline is-style-outline--1\"><a class=\"wp-block-button__link has-background-color has-text-color has-background wp-element-button\" href=\"mailto:info@kinderartikelboerse-pratteln.ch\" style=\"border-radius:100px;background:linear-gradient(135deg,rgb(202,248,128) 0%,rgb(113,206,126) 16%)\">Mail an Kinderartikelb\u00f6rse Pratteln<\/a><\/div>\n<\/div>\n\n\n<div class=\"wp-block-image\">\n<figure class=\"aligncenter size-full is-resized\"><img loading=\"lazy\" decoding=\"async\" width=\"181\" height=\"180\" src=\"https:\/\/www.kinderartikelboerse-pratteln.ch\/wp-content\/uploads\/2021\/02\/cropped-Logo_Hintergrund_transparent_kleiner.png\" alt=\"\" class=\"wp-image-1035\" style=\"width:150px;height:149px\" srcset=\"https:\/\/www.kinderartikelboerse-pratteln.ch\/wp-content\/uploads\/2021\/02\/cropped-Logo_Hintergrund_transparent_kleiner.png 181w, https:\/\/www.kinderartikelboerse-pratteln.ch\/wp-content\/uploads\/2021\/02\/cropped-Logo_Hintergrund_transparent_kleiner-150x150.png 150w\" sizes=\"auto, (max-width: 181px) 100vw, 181px\" \/><\/figure><\/div>\n\n\n<hr class=\"wp-block-separator has-text-color has-css-opacity has-background is-style-wide\" style=\"background-color:#63a300;color:#63a300\"\/>\n\n\n\n<p class=\"has-text-align-center has-subtle-background-background-color has-background has-small-font-size\"><mark style=\"background-color:rgba(0, 0, 0, 0)\" class=\"has-inline-color has-secondary-color\"><strong><mark style=\"background-color:rgba(0, 0, 0, 0)\" class=\"has-inline-color has-secondary-color\"><mark style=\"background-color:rgba(0, 0, 0, 0)\" class=\"has-inline-color has-secondary-color\">Herbst <mark style=\"background-color:rgba(0, 0, 0, 0)\" class=\"has-inline-color has-secondary-color\">2026<\/mark>: Freitag 11. &amp; Samstag 12. Sept.<\/mark><\/mark><\/strong><\/mark><em><em><em><em><em><strong><mark style=\"background-color:rgba(0, 0, 0, 0)\" class=\"has-inline-color has-primary-color\"><br><\/mark><\/strong><em><mark style=\"background-color:rgba(0, 0, 0, 0)\" class=\"has-inline-color has-primary-color\"> <\/mark><\/em><\/em><\/em><\/em><\/em><\/em><\/p>\n\n\n\n<p class=\"has-text-align-left has-subtle-background-background-color has-background has-small-font-size\"><mark style=\"background-color:rgba(0, 0, 0, 0)\" class=\"has-inline-color has-secondary-color\"><em><em>Fr\u00fchling <em><em><mark style=\"background-color:rgba(0, 0, 0, 0)\" class=\"has-inline-color has-secondary-color\"><em><em><mark style=\"background-color:rgba(0, 0, 0, 0)\" class=\"has-inline-color has-secondary-color\">202<\/mark><\/em><\/em>7:<\/mark><\/em><\/em><\/em><\/em> <em><em><em><em>Dienstag 6. &amp; Mittwoch 7. April<\/em><\/em><\/em><\/em><\/mark><br><\/p>\n\n\n\n<p class=\"has-text-align-left has-subtle-background-background-color has-background has-small-font-size\"><mark style=\"background-color:rgba(0, 0, 0, 0)\" class=\"has-inline-color has-secondary-color\"><em><em>Herbst <em><em><mark style=\"background-color:rgba(0, 0, 0, 0)\" class=\"has-inline-color has-secondary-color\"><em><em><mark style=\"background-color:rgba(0, 0, 0, 0)\" class=\"has-inline-color has-secondary-color\">202<\/mark><\/em><\/em>7:<\/mark><\/em><\/em><\/em><\/em> <em><em><em><em>Freitag 17. &amp; Samstag 18. September<\/em><\/em><\/em><\/em><\/mark><\/p>\n\n\n\n<p class=\"has-text-align-center has-small-font-size\"><em><em><mark style=\"background-color:rgba(0, 0, 0, 0)\" class=\"has-inline-color has-secondary-color\"><em><em><mark style=\"background-color:rgba(0, 0, 0, 0)\" class=\"has-inline-color has-secondary-color\">  <\/mark><\/em><\/em><\/mark><\/em><\/em><\/p>\n\n\n\n<p class=\"has-text-align-center\">&nbsp;<\/p>\n","protected":false},"excerpt":{"rendered":"<p>Herzlich Willkommen auf unserer Kinderartikelb\u00f6rse-Pratteln Homepage An unserer B\u00f6rse k\u00f6nnen gebrauchte Spielsachen, Kinderkleider, B\u00fccher, Fahrhaben und Schuhe verkauft und gekauft werden. Hygeneartikel oder hygenisch nicht vertretbare Artikel werden nicht angenommen, dazu geh\u00f6ren auch alle Pl\u00fcschtiere. Ebenfalls nehmen wir keine Wintersachen und Kost\u00fcme aller Art an. N\u00e4chste B\u00f6rse Tage im Herbst am Freitag 11. &amp; 12.9.26 [&hellip;]<\/p>\n","protected":false},"author":1,"featured_media":2740,"parent":0,"menu_order":0,"comment_status":"closed","ping_status":"closed","template":"templates\/template-cover.php","meta":{"footnotes":""},"class_list":["post-58","page","type-page","status-publish","has-post-thumbnail","hentry"],"yoast_head":"<!-- This site is optimized with the Yoast SEO plugin v27.4 - https:\/\/yoast.com\/product\/yoast-seo-wordpress\/ -->\n<title>- Kinderartikelb\u00f6rse Pratteln<\/title>\n<meta name=\"robots\" content=\"index, follow, max-snippet:-1, max-image-preview:large, max-video-preview:-1\" \/>\n<link rel=\"canonical\" href=\"https:\/\/www.kinderartikelboerse-pratteln.ch\/\" \/>\n<meta property=\"og:locale\" content=\"de_DE\" \/>\n<meta property=\"og:type\" content=\"article\" \/>\n<meta property=\"og:title\" content=\"- Kinderartikelb\u00f6rse Pratteln\" \/>\n<meta property=\"og:description\" content=\"Herzlich Willkommen auf unserer Kinderartikelb\u00f6rse-Pratteln Homepage An unserer B\u00f6rse k\u00f6nnen gebrauchte Spielsachen, Kinderkleider, B\u00fccher, Fahrhaben und Schuhe verkauft und gekauft werden. Hygeneartikel oder hygenisch nicht vertretbare Artikel werden nicht angenommen, dazu geh\u00f6ren auch alle Pl\u00fcschtiere. Ebenfalls nehmen wir keine Wintersachen und Kost\u00fcme aller Art an. N\u00e4chste B\u00f6rse Tage im Herbst am Freitag 11. &amp; 12.9.26 [&hellip;]\" \/>\n<meta property=\"og:url\" content=\"https:\/\/www.kinderartikelboerse-pratteln.ch\/\" \/>\n<meta property=\"og:site_name\" content=\"Kinderartikelb\u00f6rse Pratteln\" \/>\n<meta property=\"article:publisher\" content=\"https:\/\/fb.me\/e\/1zwpyha9V\" \/>\n<meta property=\"article:modified_time\" content=\"2026-04-17T08:54:31+00:00\" \/>\n<meta property=\"og:image\" content=\"https:\/\/www.kinderartikelboerse-pratteln.ch\/wp-content\/uploads\/2024\/08\/IMG_20201025_123412-1024x768.jpg\" \/>\n\t<meta property=\"og:image:width\" content=\"1024\" \/>\n\t<meta property=\"og:image:height\" content=\"768\" \/>\n\t<meta property=\"og:image:type\" content=\"image\/jpeg\" \/>\n<meta name=\"twitter:card\" content=\"summary_large_image\" \/>\n<meta name=\"twitter:label1\" content=\"Gesch\u00e4tzte Lesezeit\" \/>\n\t<meta name=\"twitter:data1\" content=\"3 Minuten\" \/>\n<script type=\"application\/ld+json\" class=\"yoast-schema-graph\">{\"@context\":\"https:\\\/\\\/schema.org\",\"@graph\":[{\"@type\":\"WebPage\",\"@id\":\"https:\\\/\\\/www.kinderartikelboerse-pratteln.ch\\\/\",\"url\":\"https:\\\/\\\/www.kinderartikelboerse-pratteln.ch\\\/\",\"name\":\"- Kinderartikelb\u00f6rse Pratteln\",\"isPartOf\":{\"@id\":\"https:\\\/\\\/www.kinderartikelboerse-pratteln.ch\\\/#website\"},\"primaryImageOfPage\":{\"@id\":\"https:\\\/\\\/www.kinderartikelboerse-pratteln.ch\\\/#primaryimage\"},\"image\":{\"@id\":\"https:\\\/\\\/www.kinderartikelboerse-pratteln.ch\\\/#primaryimage\"},\"thumbnailUrl\":\"https:\\\/\\\/www.kinderartikelboerse-pratteln.ch\\\/wp-content\\\/uploads\\\/2024\\\/08\\\/IMG_20201025_123412.jpg\",\"datePublished\":\"2021-01-17T13:47:32+00:00\",\"dateModified\":\"2026-04-17T08:54:31+00:00\",\"inLanguage\":\"de-CH\",\"potentialAction\":[{\"@type\":\"ReadAction\",\"target\":[\"https:\\\/\\\/www.kinderartikelboerse-pratteln.ch\\\/\"]}]},{\"@type\":\"ImageObject\",\"inLanguage\":\"de-CH\",\"@id\":\"https:\\\/\\\/www.kinderartikelboerse-pratteln.ch\\\/#primaryimage\",\"url\":\"https:\\\/\\\/www.kinderartikelboerse-pratteln.ch\\\/wp-content\\\/uploads\\\/2024\\\/08\\\/IMG_20201025_123412.jpg\",\"contentUrl\":\"https:\\\/\\\/www.kinderartikelboerse-pratteln.ch\\\/wp-content\\\/uploads\\\/2024\\\/08\\\/IMG_20201025_123412.jpg\",\"width\":4032,\"height\":3024},{\"@type\":\"WebSite\",\"@id\":\"https:\\\/\\\/www.kinderartikelboerse-pratteln.ch\\\/#website\",\"url\":\"https:\\\/\\\/www.kinderartikelboerse-pratteln.ch\\\/\",\"name\":\"Kinderartikelb\u00f6rse Pratteln\",\"description\":\"\",\"publisher\":{\"@id\":\"https:\\\/\\\/www.kinderartikelboerse-pratteln.ch\\\/#organization\"},\"potentialAction\":[{\"@type\":\"SearchAction\",\"target\":{\"@type\":\"EntryPoint\",\"urlTemplate\":\"https:\\\/\\\/www.kinderartikelboerse-pratteln.ch\\\/?s={search_term_string}\"},\"query-input\":{\"@type\":\"PropertyValueSpecification\",\"valueRequired\":true,\"valueName\":\"search_term_string\"}}],\"inLanguage\":\"de-CH\"},{\"@type\":\"Organization\",\"@id\":\"https:\\\/\\\/www.kinderartikelboerse-pratteln.ch\\\/#organization\",\"name\":\"Kinderartikelb\u00f6rse Pratteln\",\"url\":\"https:\\\/\\\/www.kinderartikelboerse-pratteln.ch\\\/\",\"logo\":{\"@type\":\"ImageObject\",\"inLanguage\":\"de-CH\",\"@id\":\"https:\\\/\\\/www.kinderartikelboerse-pratteln.ch\\\/#\\\/schema\\\/logo\\\/image\\\/\",\"url\":\"https:\\\/\\\/www.kinderartikelboerse-pratteln.ch\\\/wp-content\\\/uploads\\\/2021\\\/02\\\/cropped-Logo_Hintergrund_transparent.jpg\",\"contentUrl\":\"https:\\\/\\\/www.kinderartikelboerse-pratteln.ch\\\/wp-content\\\/uploads\\\/2021\\\/02\\\/cropped-Logo_Hintergrund_transparent.jpg\",\"width\":400,\"height\":398,\"caption\":\"Kinderartikelb\u00f6rse Pratteln\"},\"image\":{\"@id\":\"https:\\\/\\\/www.kinderartikelboerse-pratteln.ch\\\/#\\\/schema\\\/logo\\\/image\\\/\"},\"sameAs\":[\"https:\\\/\\\/fb.me\\\/e\\\/1zwpyha9V\",\"https:\\\/\\\/www.instagram.com\\\/kinderartikelboerse_pratteln\\\/\"]}]}<\/script>\n<!-- \/ Yoast SEO plugin. -->","yoast_head_json":{"title":"- Kinderartikelb\u00f6rse Pratteln","robots":{"index":"index","follow":"follow","max-snippet":"max-snippet:-1","max-image-preview":"max-image-preview:large","max-video-preview":"max-video-preview:-1"},"canonical":"https:\/\/www.kinderartikelboerse-pratteln.ch\/","og_locale":"de_DE","og_type":"article","og_title":"- Kinderartikelb\u00f6rse Pratteln","og_description":"Herzlich Willkommen auf unserer Kinderartikelb\u00f6rse-Pratteln Homepage An unserer B\u00f6rse k\u00f6nnen gebrauchte Spielsachen, Kinderkleider, B\u00fccher, Fahrhaben und Schuhe verkauft und gekauft werden. Hygeneartikel oder hygenisch nicht vertretbare Artikel werden nicht angenommen, dazu geh\u00f6ren auch alle Pl\u00fcschtiere. Ebenfalls nehmen wir keine Wintersachen und Kost\u00fcme aller Art an. N\u00e4chste B\u00f6rse Tage im Herbst am Freitag 11. &amp; 12.9.26 [&hellip;]","og_url":"https:\/\/www.kinderartikelboerse-pratteln.ch\/","og_site_name":"Kinderartikelb\u00f6rse Pratteln","article_publisher":"https:\/\/fb.me\/e\/1zwpyha9V","article_modified_time":"2026-04-17T08:54:31+00:00","og_image":[{"width":1024,"height":768,"url":"https:\/\/www.kinderartikelboerse-pratteln.ch\/wp-content\/uploads\/2024\/08\/IMG_20201025_123412-1024x768.jpg","type":"image\/jpeg"}],"twitter_card":"summary_large_image","twitter_misc":{"Gesch\u00e4tzte Lesezeit":"3 Minuten"},"schema":{"@context":"https:\/\/schema.org","@graph":[{"@type":"WebPage","@id":"https:\/\/www.kinderartikelboerse-pratteln.ch\/","url":"https:\/\/www.kinderartikelboerse-pratteln.ch\/","name":"- Kinderartikelb\u00f6rse Pratteln","isPartOf":{"@id":"https:\/\/www.kinderartikelboerse-pratteln.ch\/#website"},"primaryImageOfPage":{"@id":"https:\/\/www.kinderartikelboerse-pratteln.ch\/#primaryimage"},"image":{"@id":"https:\/\/www.kinderartikelboerse-pratteln.ch\/#primaryimage"},"thumbnailUrl":"https:\/\/www.kinderartikelboerse-pratteln.ch\/wp-content\/uploads\/2024\/08\/IMG_20201025_123412.jpg","datePublished":"2021-01-17T13:47:32+00:00","dateModified":"2026-04-17T08:54:31+00:00","inLanguage":"de-CH","potentialAction":[{"@type":"ReadAction","target":["https:\/\/www.kinderartikelboerse-pratteln.ch\/"]}]},{"@type":"ImageObject","inLanguage":"de-CH","@id":"https:\/\/www.kinderartikelboerse-pratteln.ch\/#primaryimage","url":"https:\/\/www.kinderartikelboerse-pratteln.ch\/wp-content\/uploads\/2024\/08\/IMG_20201025_123412.jpg","contentUrl":"https:\/\/www.kinderartikelboerse-pratteln.ch\/wp-content\/uploads\/2024\/08\/IMG_20201025_123412.jpg","width":4032,"height":3024},{"@type":"WebSite","@id":"https:\/\/www.kinderartikelboerse-pratteln.ch\/#website","url":"https:\/\/www.kinderartikelboerse-pratteln.ch\/","name":"Kinderartikelb\u00f6rse Pratteln","description":"","publisher":{"@id":"https:\/\/www.kinderartikelboerse-pratteln.ch\/#organization"},"potentialAction":[{"@type":"SearchAction","target":{"@type":"EntryPoint","urlTemplate":"https:\/\/www.kinderartikelboerse-pratteln.ch\/?s={search_term_string}"},"query-input":{"@type":"PropertyValueSpecification","valueRequired":true,"valueName":"search_term_string"}}],"inLanguage":"de-CH"},{"@type":"Organization","@id":"https:\/\/www.kinderartikelboerse-pratteln.ch\/#organization","name":"Kinderartikelb\u00f6rse Pratteln","url":"https:\/\/www.kinderartikelboerse-pratteln.ch\/","logo":{"@type":"ImageObject","inLanguage":"de-CH","@id":"https:\/\/www.kinderartikelboerse-pratteln.ch\/#\/schema\/logo\/image\/","url":"https:\/\/www.kinderartikelboerse-pratteln.ch\/wp-content\/uploads\/2021\/02\/cropped-Logo_Hintergrund_transparent.jpg","contentUrl":"https:\/\/www.kinderartikelboerse-pratteln.ch\/wp-content\/uploads\/2021\/02\/cropped-Logo_Hintergrund_transparent.jpg","width":400,"height":398,"caption":"Kinderartikelb\u00f6rse Pratteln"},"image":{"@id":"https:\/\/www.kinderartikelboerse-pratteln.ch\/#\/schema\/logo\/image\/"},"sameAs":["https:\/\/fb.me\/e\/1zwpyha9V","https:\/\/www.instagram.com\/kinderartikelboerse_pratteln\/"]}]}},"_links":{"self":[{"href":"https:\/\/www.kinderartikelboerse-pratteln.ch\/index.php?rest_route=\/wp\/v2\/pages\/58","targetHints":{"allow":["GET"]}}],"collection":[{"href":"https:\/\/www.kinderartikelboerse-pratteln.ch\/index.php?rest_route=\/wp\/v2\/pages"}],"about":[{"href":"https:\/\/www.kinderartikelboerse-pratteln.ch\/index.php?rest_route=\/wp\/v2\/types\/page"}],"author":[{"embeddable":true,"href":"https:\/\/www.kinderartikelboerse-pratteln.ch\/index.php?rest_route=\/wp\/v2\/users\/1"}],"replies":[{"embeddable":true,"href":"https:\/\/www.kinderartikelboerse-pratteln.ch\/index.php?rest_route=%2Fwp%2Fv2%2Fcomments&post=58"}],"version-history":[{"count":239,"href":"https:\/\/www.kinderartikelboerse-pratteln.ch\/index.php?rest_route=\/wp\/v2\/pages\/58\/revisions"}],"predecessor-version":[{"id":3227,"href":"https:\/\/www.kinderartikelboerse-pratteln.ch\/index.php?rest_route=\/wp\/v2\/pages\/58\/revisions\/3227"}],"wp:featuredmedia":[{"embeddable":true,"href":"https:\/\/www.kinderartikelboerse-pratteln.ch\/index.php?rest_route=\/wp\/v2\/media\/2740"}],"wp:attachment":[{"href":"https:\/\/www.kinderartikelboerse-pratteln.ch\/index.php?rest_route=%2Fwp%2Fv2%2Fmedia&parent=58"}],"curies":[{"name":"wp","href":"https:\/\/api.w.org\/{rel}","templated":true}]}}