{"id":302,"date":"2021-01-18T19:56:42","date_gmt":"2021-01-18T18:56:42","guid":{"rendered":"https:\/\/192.168.1.122\/wordpress\/?page_id=302"},"modified":"2026-01-19T22:06:27","modified_gmt":"2026-01-19T21:06:27","slug":"welche-sachen-nehmen-wir-an","status":"publish","type":"page","link":"https:\/\/www.kinderartikelboerse-pratteln.ch\/?page_id=302","title":{"rendered":"Welche Sachen nehmen wir an?"},"content":{"rendered":"\n<p class=\"has-background\" style=\"background:linear-gradient(141deg,rgb(122,220,180) 0%,rgb(0,208,130) 100%);font-size:19px\">Folgendes muss ber\u00fccksichtigt werden:<strong> <\/strong><\/p>\n\n\n\n<ul class=\"wp-block-list\">\n<li>moderne, saubere, einwandfreie, unversehrte &#8222;Kleider, Schuhe, G\u00fcrtel, Hut, Chappy, Handschuhe (Saison angepasst), Spiele, Spielsachen, Baby-Artikel&#8220;<\/li>\n\n\n\n<li>richtig etikettiert, Etikette mit der App und auf min.<mark style=\"background-color:rgba(0, 0, 0, 0);color:#ed1111\" class=\"has-inline-color\">160 Gramm<\/mark> Druckpapier erstellt<\/li>\n\n\n\n<li>gut scanne bare\/lesbare Etiketten. <strong>(kein schlechter Druck)<\/strong> kein Fotopapier, kein laminierte Etikette<\/li>\n\n\n\n<li>korrekte Anzahl <\/li>\n<\/ul>\n\n\n\n<p><strong>Insgesamt 60 Sachen<\/strong> -&gt;<strong>Helfer Bonus<\/strong> ber\u00fccksichtigen!<\/p>\n\n\n\n<div class=\"wp-block-buttons alignwide is-content-justification-center is-layout-flex wp-container-core-buttons-is-layout-16018d1d wp-block-buttons-is-layout-flex\">\n<div class=\"wp-block-button is-style-fill\"><a class=\"wp-block-button__link has-background wp-element-button\" href=\"https:\/\/www.kinderartikelboerse-pratteln.ch\/?page_id=66\" style=\"border-radius:100px;background:linear-gradient(135deg,rgb(202,248,128) 0%,rgb(113,206,126) 6%)\">Helfer Bonus<\/a><\/div>\n<\/div>\n\n\n\n<ul class=\"wp-block-list\">\n<li>Schuhe und Stiefel f\u00fcr Kinder und jugendlich mit einwandfreiem Profil (Absatz nicht h\u00f6her als 2-3cm) gereinigter Sohle, Aussen und Innen sauber und keine L\u00f6cher !! Gr\u00f6sse 20 bis und mit Gr. 41<\/li>\n\n\n\n<li>Spielsachen, Puzzle <mark style=\"background-color:rgba(0, 0, 0, 0);color:#e51e0b\" class=\"has-inline-color\">(m\u00fcssen gut erhalten und vollst\u00e4ndig sein)<\/mark>, Spielger\u00e4te, auch elektrische Spielger\u00e4te in einwandfreiem und funktionierendem Zustand<\/li>\n\n\n\n<li>DVDs, H\u00f6rb\u00fccher CD und CD-ROM <span style=\"color:#e51e0b\" class=\"has-inline-color\">(keine Kassetten)<\/span><\/li>\n\n\n\n<li>Inlineskates, Rollschuhe, Schlittschuhe etc. <span style=\"color:#e51e0b\" class=\"has-inline-color\">(saisongerecht)<\/span><\/li>\n\n\n\n<li>Kinderausstattung, Kinderwagen, Buggys, Kinderhochstuhl, <strong><sup><code><mark style=\"background-color:rgba(0, 0, 0, 0);color:#02bbfa\" class=\"has-inline-color\">Autositze ECE R 44.03 und 04\/  ECE R 129<\/mark><\/code><\/sup><\/strong>, Veloanh\u00e4nger <mark style=\"background-color:rgba(0, 0, 0, 0);color:#e51e0b\" class=\"has-inline-color\">(zugelassene)<\/mark><\/li>\n\n\n\n<li>Kinderski <span style=\"color:#e51e0b\" class=\"has-inline-color\">(sofern sie intakt sind: im Herbst)<\/span><\/li>\n\n\n\n<li>Velohelme, Reithelme, Ski Helm <mark style=\"background-color:rgba(0, 0, 0, 0);color:#e51e0b\" class=\"has-inline-color\">(Herbst)<\/mark><\/li>\n\n\n\n<li>Den Jahreszeiten angepasster Kleider (z.Bsp. Herbst- und Winterartikel!)<\/li>\n\n\n\n<li>Badekleider, Badehosen, Bikini, Neopren und UV-Shirt werden im Fr\u00fchling und Herbst angenommen<mark style=\"background-color:rgba(0, 0, 0, 0)\" class=\"has-inline-color has-primary-color\"> (Sportartikel)<\/mark><\/li>\n\n\n\n<li>Badezubeh\u00f6r Schwimmringe, Schwimmhilfen etc. sind hingegen saisonbedingt <\/li>\n\n\n\n<li>Nur Baby Schlafs\u00e4cke <mark style=\"background-color:rgba(0, 0, 0, 0);color:#e51e0b\" class=\"has-inline-color\">(saisongerecht)<\/mark>, keine Babydecken und andere Decken <\/li>\n\n\n\n<li>Baby Spielsachen <mark style=\"background-color:rgba(0, 0, 0, 0);color:#e51e0b\" class=\"has-inline-color\">(<\/mark><mark style=\"background-color:rgba(0, 0, 0, 0);color:#f60909\" class=\"has-inline-color\">welche waschbar<\/mark><mark style=\"background-color:rgba(0, 0, 0, 0);color:#e51e0b\" class=\"has-inline-color\">)<\/mark> sind<\/li>\n\n\n\n<li>Milchpumpen, sofern sie einwandfrei funktionieren und alles hygienisch sauber ist.<\/li>\n\n\n\n<li>Baby-Zimmerlampen, Baby-W\u00e4rmelampen<\/li>\n<\/ul>\n\n\n\n<p style=\"font-size:19px\"><mark style=\"background-color:rgba(0, 0, 0, 0);color:#63a300\" class=\"has-inline-color\">Mehrteiler m\u00fcssen an den Etiketten miteinander zusammengebunden sein.<\/mark><\/p>\n\n\n\n<p class=\"has-pale-ocean-gradient-background has-background\">Hygieneartikel oder hygienisch nicht vertretbare Artikel werden nicht angenommen, dazu geh\u00f6ren auch alle Pl\u00fcschtiere.                                Wir nehmen keine Kost\u00fcme &#8211; Fasnachteskleider an.<\/p>\n\n\n\n<p class=\"has-blush-light-purple-gradient-background has-background\">&#8222;Stehen deine Sachen auf der Liste, die wir annehmen?&#8220;                            &#8222;Nein?&#8220;                                                                                                   &#8222;Dann bleiben sie zu Hause!&#8220;                                                                    Danke<\/p>\n\n\n\n<hr class=\"wp-block-separator has-text-color has-alpha-channel-opacity has-background is-style-wide\" style=\"background-color:#7dbb4d;color:#7dbb4d\"\/>\n\n\n\n<p class=\"has-background-background-color has-background\" style=\"font-size:19px\"><strong><mark style=\"background-color:rgba(0, 0, 0, 0);color:#7dbb4d\" class=\"has-inline-color\">Die Abgabe -Tische Einteilung:<\/mark><\/strong><\/p>\n\n\n\n<p style=\"font-size:19px\">Die Ware getrennt in S\u00e4cken oder Kisten mit der Kundenummer (gross angeschrieben und gut leserlich) an den jeweiligen Tischen deponieren. <\/p>\n\n\n\n<p style=\"font-size:19px\">Babykleider  (Gr.50-92) begrenzt auf <mark style=\"background-color:rgba(0, 0, 0, 0);color:#e51e0b\" class=\"has-inline-color\"><strong>30 St\u00fcck  <\/strong><\/mark>                            &#8212;-  Kinderkleider <strong>(Gr.98-164)<\/strong> begrenzt auf <mark style=\"background-color:rgba(0, 0, 0, 0);color:#e51e0b\" class=\"has-inline-color\"><strong>60 St\u00fcck<\/strong><\/mark>                                    -Schuhe (Gr.20-41) begrenzt auf <mark style=\"background-color:rgba(0, 0, 0, 0);color:#e51e0b\" class=\"has-inline-color\"><strong>30 St\u00fcck<\/strong><\/mark>                                         -Spielsachen, B\u00fccher, Sportartikel, DVD, CD ect.<\/p>\n\n\n\n<hr class=\"wp-block-separator has-text-color has-alpha-channel-opacity has-background is-style-wide\" style=\"background-color:#7dbb4d;color:#7dbb4d\"\/>\n\n\n\n<p class=\"has-background-color has-luminous-vivid-orange-to-vivid-red-gradient-background has-text-color has-background\" style=\"font-size:19px\">Wie \u00fcbernehmen f\u00fcr fehlende, besch\u00e4digte und gestohlene Gegenst\u00e4nde keine Haftung! Kein Umtausch von gekaufter Ware m\u00f6glich ausser defekter elektronischer Ware!<\/p>\n\n\n\n<p class=\"has-background-color has-luminous-vivid-amber-to-luminous-vivid-orange-gradient-background has-text-color has-background\" style=\"font-size:19px\">Nicht verkaufte Artikel m\u00fcssen abgeholt werden! Oder sie werden gespendet, ebenfalls das nicht abgeholte Geld.<\/p>\n\n\n\n<hr class=\"wp-block-separator has-text-color has-css-opacity has-background is-style-wide\" style=\"background-color:#63a300;color:#63a300\"\/>\n\n\n\n<p class=\"has-text-align-center has-subtle-background-background-color has-background has-small-font-size\"><strong><mark style=\"background-color:rgba(0, 0, 0, 0)\" class=\"has-inline-color has-primary-color\">Fr\u00fchling 2026: Dienstag 24. &amp; Mittwoch 25. M\u00e4rz<\/mark><\/strong><\/p>\n\n\n\n<p class=\"has-text-align-left has-subtle-background-background-color has-background has-small-font-size\"><em><em><mark style=\"background-color:rgba(0, 0, 0, 0)\" class=\"has-inline-color has-secondary-color\"><em><em><mark style=\"background-color:rgba(0, 0, 0, 0)\" class=\"has-inline-color has-secondary-color\">Herbst 2026: Freitag 11. &amp; Samstag 12. Sept<\/mark><\/em><\/em>.<\/mark><\/em><\/em><\/p>\n\n\n\n<p class=\"has-text-align-left has-subtle-background-background-color has-background has-small-font-size\"><mark style=\"background-color:rgba(0, 0, 0, 0)\" class=\"has-inline-color has-secondary-color\"><mark style=\"background-color:rgba(0, 0, 0, 0)\" class=\"has-inline-color has-secondary-color\"><em><em>Fr\u00fchling <em><em><mark style=\"background-color:rgba(0, 0, 0, 0)\" class=\"has-inline-color has-secondary-color\"><em><em><mark style=\"background-color:rgba(0, 0, 0, 0)\" class=\"has-inline-color has-secondary-color\">202<\/mark><\/em><\/em>7:<\/mark><\/em><\/em><\/em><\/em> <em><em><em><em>Dienstag 6. &amp; Mittwoch 7. April<\/em><\/em><\/em><\/em><\/mark><\/mark><\/p>\n\n\n\n<p class=\"has-subtle-background-background-color has-background has-small-font-size\"><mark style=\"background-color:rgba(0, 0, 0, 0)\" class=\"has-inline-color has-secondary-color\"><em><em>Herbst <em><em><mark style=\"background-color:rgba(0, 0, 0, 0)\" class=\"has-inline-color has-secondary-color\"><em><em><mark style=\"background-color:rgba(0, 0, 0, 0)\" class=\"has-inline-color has-secondary-color\">202<\/mark><\/em><\/em>7:<\/mark><\/em><\/em><\/em><\/em> <em><em><em><em>Freitag 17. &amp; Samstag 18. September<\/em><\/em><\/em><\/em><\/mark><\/p>\n","protected":false},"excerpt":{"rendered":"<p>Folgendes muss ber\u00fccksichtigt werden: Insgesamt 60 Sachen -&gt;Helfer Bonus ber\u00fccksichtigen! Mehrteiler m\u00fcssen an den Etiketten miteinander zusammengebunden sein. Hygieneartikel oder hygienisch nicht vertretbare Artikel werden nicht angenommen, dazu geh\u00f6ren auch alle Pl\u00fcschtiere. Wir nehmen keine Kost\u00fcme &#8211; Fasnachteskleider an. &#8222;Stehen deine Sachen auf der Liste, die wir annehmen?&#8220; &#8222;Nein?&#8220; &#8222;Dann bleiben sie zu Hause!&#8220; Danke [&hellip;]<\/p>\n","protected":false},"author":1,"featured_media":87,"parent":0,"menu_order":0,"comment_status":"closed","ping_status":"closed","template":"templates\/template-cover.php","meta":{"footnotes":""},"class_list":["post-302","page","type-page","status-publish","has-post-thumbnail","hentry"],"yoast_head":"<!-- This site is optimized with the Yoast SEO plugin v26.7 - https:\/\/yoast.com\/wordpress\/plugins\/seo\/ -->\n<title>Welche Sachen nehmen wir an? - Kinderartikelb\u00f6rse Pratteln<\/title>\n<meta name=\"robots\" content=\"index, follow, max-snippet:-1, max-image-preview:large, max-video-preview:-1\" \/>\n<link rel=\"canonical\" href=\"https:\/\/www.kinderartikelboerse-pratteln.ch\/?page_id=302\" \/>\n<meta property=\"og:locale\" content=\"de_DE\" \/>\n<meta property=\"og:type\" content=\"article\" \/>\n<meta property=\"og:title\" content=\"Welche Sachen nehmen wir an? - Kinderartikelb\u00f6rse Pratteln\" \/>\n<meta property=\"og:description\" content=\"Folgendes muss ber\u00fccksichtigt werden: Insgesamt 60 Sachen -&gt;Helfer Bonus ber\u00fccksichtigen! Mehrteiler m\u00fcssen an den Etiketten miteinander zusammengebunden sein. Hygieneartikel oder hygienisch nicht vertretbare Artikel werden nicht angenommen, dazu geh\u00f6ren auch alle Pl\u00fcschtiere. Wir nehmen keine Kost\u00fcme &#8211; Fasnachteskleider an. &#8222;Stehen deine Sachen auf der Liste, die wir annehmen?&#8220; &#8222;Nein?&#8220; &#8222;Dann bleiben sie zu Hause!&#8220; Danke [&hellip;]\" \/>\n<meta property=\"og:url\" content=\"https:\/\/www.kinderartikelboerse-pratteln.ch\/?page_id=302\" \/>\n<meta property=\"og:site_name\" content=\"Kinderartikelb\u00f6rse Pratteln\" \/>\n<meta property=\"article:publisher\" content=\"https:\/\/fb.me\/e\/1zwpyha9V\" \/>\n<meta property=\"article:modified_time\" content=\"2026-01-19T21:06:27+00:00\" \/>\n<meta property=\"og:image\" content=\"https:\/\/www.kinderartikelboerse-pratteln.ch\/wp-content\/uploads\/2021\/01\/IMG_20201017_085951-scaled.jpg\" \/>\n\t<meta property=\"og:image:width\" content=\"2560\" \/>\n\t<meta property=\"og:image:height\" content=\"1920\" \/>\n\t<meta property=\"og:image:type\" content=\"image\/jpeg\" \/>\n<meta name=\"twitter:card\" content=\"summary_large_image\" \/>\n<meta name=\"twitter:label1\" content=\"Gesch\u00e4tzte Lesezeit\" \/>\n\t<meta name=\"twitter:data1\" content=\"3 Minuten\" \/>\n<script type=\"application\/ld+json\" class=\"yoast-schema-graph\">{\"@context\":\"https:\/\/schema.org\",\"@graph\":[{\"@type\":\"WebPage\",\"@id\":\"https:\/\/www.kinderartikelboerse-pratteln.ch\/?page_id=302\",\"url\":\"https:\/\/www.kinderartikelboerse-pratteln.ch\/?page_id=302\",\"name\":\"Welche Sachen nehmen wir an? - Kinderartikelb\u00f6rse Pratteln\",\"isPartOf\":{\"@id\":\"https:\/\/www.kinderartikelboerse-pratteln.ch\/#website\"},\"primaryImageOfPage\":{\"@id\":\"https:\/\/www.kinderartikelboerse-pratteln.ch\/?page_id=302#primaryimage\"},\"image\":{\"@id\":\"https:\/\/www.kinderartikelboerse-pratteln.ch\/?page_id=302#primaryimage\"},\"thumbnailUrl\":\"https:\/\/www.kinderartikelboerse-pratteln.ch\/wp-content\/uploads\/2021\/01\/IMG_20201017_085951-scaled.jpg\",\"datePublished\":\"2021-01-18T18:56:42+00:00\",\"dateModified\":\"2026-01-19T21:06:27+00:00\",\"breadcrumb\":{\"@id\":\"https:\/\/www.kinderartikelboerse-pratteln.ch\/?page_id=302#breadcrumb\"},\"inLanguage\":\"de-CH\",\"potentialAction\":[{\"@type\":\"ReadAction\",\"target\":[\"https:\/\/www.kinderartikelboerse-pratteln.ch\/?page_id=302\"]}]},{\"@type\":\"ImageObject\",\"inLanguage\":\"de-CH\",\"@id\":\"https:\/\/www.kinderartikelboerse-pratteln.ch\/?page_id=302#primaryimage\",\"url\":\"https:\/\/www.kinderartikelboerse-pratteln.ch\/wp-content\/uploads\/2021\/01\/IMG_20201017_085951-scaled.jpg\",\"contentUrl\":\"https:\/\/www.kinderartikelboerse-pratteln.ch\/wp-content\/uploads\/2021\/01\/IMG_20201017_085951-scaled.jpg\",\"width\":2560,\"height\":1920},{\"@type\":\"BreadcrumbList\",\"@id\":\"https:\/\/www.kinderartikelboerse-pratteln.ch\/?page_id=302#breadcrumb\",\"itemListElement\":[{\"@type\":\"ListItem\",\"position\":1,\"name\":\"Startseite\",\"item\":\"https:\/\/www.kinderartikelboerse-pratteln.ch\/\"},{\"@type\":\"ListItem\",\"position\":2,\"name\":\"Welche Sachen nehmen wir an?\"}]},{\"@type\":\"WebSite\",\"@id\":\"https:\/\/www.kinderartikelboerse-pratteln.ch\/#website\",\"url\":\"https:\/\/www.kinderartikelboerse-pratteln.ch\/\",\"name\":\"Kinderartikelb\u00f6rse Pratteln\",\"description\":\"\",\"publisher\":{\"@id\":\"https:\/\/www.kinderartikelboerse-pratteln.ch\/#organization\"},\"potentialAction\":[{\"@type\":\"SearchAction\",\"target\":{\"@type\":\"EntryPoint\",\"urlTemplate\":\"https:\/\/www.kinderartikelboerse-pratteln.ch\/?s={search_term_string}\"},\"query-input\":{\"@type\":\"PropertyValueSpecification\",\"valueRequired\":true,\"valueName\":\"search_term_string\"}}],\"inLanguage\":\"de-CH\"},{\"@type\":\"Organization\",\"@id\":\"https:\/\/www.kinderartikelboerse-pratteln.ch\/#organization\",\"name\":\"Kinderartikelb\u00f6rse Pratteln\",\"url\":\"https:\/\/www.kinderartikelboerse-pratteln.ch\/\",\"logo\":{\"@type\":\"ImageObject\",\"inLanguage\":\"de-CH\",\"@id\":\"https:\/\/www.kinderartikelboerse-pratteln.ch\/#\/schema\/logo\/image\/\",\"url\":\"https:\/\/www.kinderartikelboerse-pratteln.ch\/wp-content\/uploads\/2021\/02\/cropped-Logo_Hintergrund_transparent.jpg\",\"contentUrl\":\"https:\/\/www.kinderartikelboerse-pratteln.ch\/wp-content\/uploads\/2021\/02\/cropped-Logo_Hintergrund_transparent.jpg\",\"width\":400,\"height\":398,\"caption\":\"Kinderartikelb\u00f6rse Pratteln\"},\"image\":{\"@id\":\"https:\/\/www.kinderartikelboerse-pratteln.ch\/#\/schema\/logo\/image\/\"},\"sameAs\":[\"https:\/\/fb.me\/e\/1zwpyha9V\",\"https:\/\/www.instagram.com\/kinderartikelboerse_pratteln\/\"]}]}<\/script>\n<!-- \/ Yoast SEO plugin. -->","yoast_head_json":{"title":"Welche Sachen nehmen wir an? - Kinderartikelb\u00f6rse Pratteln","robots":{"index":"index","follow":"follow","max-snippet":"max-snippet:-1","max-image-preview":"max-image-preview:large","max-video-preview":"max-video-preview:-1"},"canonical":"https:\/\/www.kinderartikelboerse-pratteln.ch\/?page_id=302","og_locale":"de_DE","og_type":"article","og_title":"Welche Sachen nehmen wir an? - Kinderartikelb\u00f6rse Pratteln","og_description":"Folgendes muss ber\u00fccksichtigt werden: Insgesamt 60 Sachen -&gt;Helfer Bonus ber\u00fccksichtigen! Mehrteiler m\u00fcssen an den Etiketten miteinander zusammengebunden sein. Hygieneartikel oder hygienisch nicht vertretbare Artikel werden nicht angenommen, dazu geh\u00f6ren auch alle Pl\u00fcschtiere. Wir nehmen keine Kost\u00fcme &#8211; Fasnachteskleider an. &#8222;Stehen deine Sachen auf der Liste, die wir annehmen?&#8220; &#8222;Nein?&#8220; &#8222;Dann bleiben sie zu Hause!&#8220; Danke [&hellip;]","og_url":"https:\/\/www.kinderartikelboerse-pratteln.ch\/?page_id=302","og_site_name":"Kinderartikelb\u00f6rse Pratteln","article_publisher":"https:\/\/fb.me\/e\/1zwpyha9V","article_modified_time":"2026-01-19T21:06:27+00:00","og_image":[{"width":2560,"height":1920,"url":"https:\/\/www.kinderartikelboerse-pratteln.ch\/wp-content\/uploads\/2021\/01\/IMG_20201017_085951-scaled.jpg","type":"image\/jpeg"}],"twitter_card":"summary_large_image","twitter_misc":{"Gesch\u00e4tzte Lesezeit":"3 Minuten"},"schema":{"@context":"https:\/\/schema.org","@graph":[{"@type":"WebPage","@id":"https:\/\/www.kinderartikelboerse-pratteln.ch\/?page_id=302","url":"https:\/\/www.kinderartikelboerse-pratteln.ch\/?page_id=302","name":"Welche Sachen nehmen wir an? - Kinderartikelb\u00f6rse Pratteln","isPartOf":{"@id":"https:\/\/www.kinderartikelboerse-pratteln.ch\/#website"},"primaryImageOfPage":{"@id":"https:\/\/www.kinderartikelboerse-pratteln.ch\/?page_id=302#primaryimage"},"image":{"@id":"https:\/\/www.kinderartikelboerse-pratteln.ch\/?page_id=302#primaryimage"},"thumbnailUrl":"https:\/\/www.kinderartikelboerse-pratteln.ch\/wp-content\/uploads\/2021\/01\/IMG_20201017_085951-scaled.jpg","datePublished":"2021-01-18T18:56:42+00:00","dateModified":"2026-01-19T21:06:27+00:00","breadcrumb":{"@id":"https:\/\/www.kinderartikelboerse-pratteln.ch\/?page_id=302#breadcrumb"},"inLanguage":"de-CH","potentialAction":[{"@type":"ReadAction","target":["https:\/\/www.kinderartikelboerse-pratteln.ch\/?page_id=302"]}]},{"@type":"ImageObject","inLanguage":"de-CH","@id":"https:\/\/www.kinderartikelboerse-pratteln.ch\/?page_id=302#primaryimage","url":"https:\/\/www.kinderartikelboerse-pratteln.ch\/wp-content\/uploads\/2021\/01\/IMG_20201017_085951-scaled.jpg","contentUrl":"https:\/\/www.kinderartikelboerse-pratteln.ch\/wp-content\/uploads\/2021\/01\/IMG_20201017_085951-scaled.jpg","width":2560,"height":1920},{"@type":"BreadcrumbList","@id":"https:\/\/www.kinderartikelboerse-pratteln.ch\/?page_id=302#breadcrumb","itemListElement":[{"@type":"ListItem","position":1,"name":"Startseite","item":"https:\/\/www.kinderartikelboerse-pratteln.ch\/"},{"@type":"ListItem","position":2,"name":"Welche Sachen nehmen wir an?"}]},{"@type":"WebSite","@id":"https:\/\/www.kinderartikelboerse-pratteln.ch\/#website","url":"https:\/\/www.kinderartikelboerse-pratteln.ch\/","name":"Kinderartikelb\u00f6rse Pratteln","description":"","publisher":{"@id":"https:\/\/www.kinderartikelboerse-pratteln.ch\/#organization"},"potentialAction":[{"@type":"SearchAction","target":{"@type":"EntryPoint","urlTemplate":"https:\/\/www.kinderartikelboerse-pratteln.ch\/?s={search_term_string}"},"query-input":{"@type":"PropertyValueSpecification","valueRequired":true,"valueName":"search_term_string"}}],"inLanguage":"de-CH"},{"@type":"Organization","@id":"https:\/\/www.kinderartikelboerse-pratteln.ch\/#organization","name":"Kinderartikelb\u00f6rse Pratteln","url":"https:\/\/www.kinderartikelboerse-pratteln.ch\/","logo":{"@type":"ImageObject","inLanguage":"de-CH","@id":"https:\/\/www.kinderartikelboerse-pratteln.ch\/#\/schema\/logo\/image\/","url":"https:\/\/www.kinderartikelboerse-pratteln.ch\/wp-content\/uploads\/2021\/02\/cropped-Logo_Hintergrund_transparent.jpg","contentUrl":"https:\/\/www.kinderartikelboerse-pratteln.ch\/wp-content\/uploads\/2021\/02\/cropped-Logo_Hintergrund_transparent.jpg","width":400,"height":398,"caption":"Kinderartikelb\u00f6rse Pratteln"},"image":{"@id":"https:\/\/www.kinderartikelboerse-pratteln.ch\/#\/schema\/logo\/image\/"},"sameAs":["https:\/\/fb.me\/e\/1zwpyha9V","https:\/\/www.instagram.com\/kinderartikelboerse_pratteln\/"]}]}},"_links":{"self":[{"href":"https:\/\/www.kinderartikelboerse-pratteln.ch\/index.php?rest_route=\/wp\/v2\/pages\/302","targetHints":{"allow":["GET"]}}],"collection":[{"href":"https:\/\/www.kinderartikelboerse-pratteln.ch\/index.php?rest_route=\/wp\/v2\/pages"}],"about":[{"href":"https:\/\/www.kinderartikelboerse-pratteln.ch\/index.php?rest_route=\/wp\/v2\/types\/page"}],"author":[{"embeddable":true,"href":"https:\/\/www.kinderartikelboerse-pratteln.ch\/index.php?rest_route=\/wp\/v2\/users\/1"}],"replies":[{"embeddable":true,"href":"https:\/\/www.kinderartikelboerse-pratteln.ch\/index.php?rest_route=%2Fwp%2Fv2%2Fcomments&post=302"}],"version-history":[{"count":115,"href":"https:\/\/www.kinderartikelboerse-pratteln.ch\/index.php?rest_route=\/wp\/v2\/pages\/302\/revisions"}],"predecessor-version":[{"id":3206,"href":"https:\/\/www.kinderartikelboerse-pratteln.ch\/index.php?rest_route=\/wp\/v2\/pages\/302\/revisions\/3206"}],"wp:featuredmedia":[{"embeddable":true,"href":"https:\/\/www.kinderartikelboerse-pratteln.ch\/index.php?rest_route=\/wp\/v2\/media\/87"}],"wp:attachment":[{"href":"https:\/\/www.kinderartikelboerse-pratteln.ch\/index.php?rest_route=%2Fwp%2Fv2%2Fmedia&parent=302"}],"curies":[{"name":"wp","href":"https:\/\/api.w.org\/{rel}","templated":true}]}}