{"id":1673,"date":"2022-08-19T08:13:03","date_gmt":"2022-08-19T06:13:03","guid":{"rendered":"https:\/\/www.kinderartikelboerse-pratteln.ch\/?page_id=1673"},"modified":"2026-01-19T21:53:49","modified_gmt":"2026-01-19T20:53:49","slug":"kaffee-und-hort","status":"publish","type":"page","link":"https:\/\/www.kinderartikelboerse-pratteln.ch\/?page_id=1673","title":{"rendered":"Bistro und Hort"},"content":{"rendered":"\n<p class=\"has-text-align-center has-electric-grass-gradient-background has-background\" style=\"font-size:25px\">Willkommen im Bistro<\/p>\n\n\n\n<p><strong><mark style=\"background-color:rgba(0, 0, 0, 0)\" class=\"has-inline-color has-accent-color\">Mittwoch: 9:00 &#8211; 15:00 Uhr f\u00fcr alle ge\u00f6ffnet<\/mark> <\/strong><\/p>\n\n\n\n<div class=\"wp-block-media-text is-stacked-on-mobile\" style=\"grid-template-columns:15% auto\"><figure class=\"wp-block-media-text__media\"><img loading=\"lazy\" decoding=\"async\" width=\"1024\" height=\"337\" src=\"https:\/\/www.kinderartikelboerse-pratteln.ch\/wp-content\/uploads\/2026\/01\/Twint.svg_-1-1024x337.png\" alt=\"\" class=\"wp-image-3137 size-full\" srcset=\"https:\/\/www.kinderartikelboerse-pratteln.ch\/wp-content\/uploads\/2026\/01\/Twint.svg_-1-1024x337.png 1024w, https:\/\/www.kinderartikelboerse-pratteln.ch\/wp-content\/uploads\/2026\/01\/Twint.svg_-1-300x99.png 300w, https:\/\/www.kinderartikelboerse-pratteln.ch\/wp-content\/uploads\/2026\/01\/Twint.svg_-1-768x253.png 768w, https:\/\/www.kinderartikelboerse-pratteln.ch\/wp-content\/uploads\/2026\/01\/Twint.svg_-1-1200x395.png 1200w, https:\/\/www.kinderartikelboerse-pratteln.ch\/wp-content\/uploads\/2026\/01\/Twint.svg_-1.png 1280w\" sizes=\"auto, (max-width: 1024px) 100vw, 1024px\" \/><\/figure><div class=\"wp-block-media-text__content\">\n<p>Wir akzeptieren Twint und Barzahlung.<\/p>\n<\/div><\/div>\n\n\n\n<div class=\"wp-block-columns is-layout-flex wp-container-core-columns-is-layout-9d6595d7 wp-block-columns-is-layout-flex\">\n<div class=\"wp-block-column is-layout-flow wp-block-column-is-layout-flow\" style=\"flex-basis:100%\">\n<div class=\"wp-block-columns is-layout-flex wp-container-core-columns-is-layout-9d6595d7 wp-block-columns-is-layout-flex\">\n<div class=\"wp-block-column is-layout-flow wp-block-column-is-layout-flow\">\n<div class=\"wp-block-group has-subtle-background-color has-subtle-background-background-color has-text-color has-background\"><div class=\"wp-block-group__inner-container is-layout-flow wp-block-group-is-layout-flow\">\n<figure class=\"wp-block-gallery has-nested-images columns-default is-cropped wp-block-gallery-1 is-layout-flex wp-block-gallery-is-layout-flex\">\n<figure class=\"wp-block-image size-large is-style-default\"><img loading=\"lazy\" decoding=\"async\" width=\"1024\" height=\"768\" data-id=\"1874\" src=\"https:\/\/www.kinderartikelboerse-pratteln.ch\/wp-content\/uploads\/2022\/09\/b96e2857-cd4f-48e5-8280-0524a0e1f5c8-1024x768.jpg\" alt=\"\" class=\"wp-image-1874\" srcset=\"https:\/\/www.kinderartikelboerse-pratteln.ch\/wp-content\/uploads\/2022\/09\/b96e2857-cd4f-48e5-8280-0524a0e1f5c8-1024x768.jpg 1024w, https:\/\/www.kinderartikelboerse-pratteln.ch\/wp-content\/uploads\/2022\/09\/b96e2857-cd4f-48e5-8280-0524a0e1f5c8-300x225.jpg 300w, https:\/\/www.kinderartikelboerse-pratteln.ch\/wp-content\/uploads\/2022\/09\/b96e2857-cd4f-48e5-8280-0524a0e1f5c8-768x576.jpg 768w, https:\/\/www.kinderartikelboerse-pratteln.ch\/wp-content\/uploads\/2022\/09\/b96e2857-cd4f-48e5-8280-0524a0e1f5c8-1536x1152.jpg 1536w, https:\/\/www.kinderartikelboerse-pratteln.ch\/wp-content\/uploads\/2022\/09\/b96e2857-cd4f-48e5-8280-0524a0e1f5c8-1200x900.jpg 1200w, https:\/\/www.kinderartikelboerse-pratteln.ch\/wp-content\/uploads\/2022\/09\/b96e2857-cd4f-48e5-8280-0524a0e1f5c8-1980x1485.jpg 1980w, https:\/\/www.kinderartikelboerse-pratteln.ch\/wp-content\/uploads\/2022\/09\/b96e2857-cd4f-48e5-8280-0524a0e1f5c8.jpg 2048w\" sizes=\"auto, (max-width: 1024px) 100vw, 1024px\" \/><\/figure>\n<\/figure>\n<\/div><\/div>\n\n\n\n<div class=\"wp-block-group has-subtle-background-color has-text-color\"><div class=\"wp-block-group__inner-container is-layout-flow wp-block-group-is-layout-flow\">\n<div class=\"wp-block-group has-subtle-background-background-color has-background\"><div class=\"wp-block-group__inner-container is-layout-flow wp-block-group-is-layout-flow\">\n<figure class=\"wp-block-gallery has-nested-images columns-default is-cropped wp-block-gallery-2 is-layout-flex wp-block-gallery-is-layout-flex\">\n<figure class=\"wp-block-image size-large\"><img loading=\"lazy\" decoding=\"async\" width=\"1024\" height=\"768\" data-id=\"1907\" src=\"https:\/\/www.kinderartikelboerse-pratteln.ch\/wp-content\/uploads\/2022\/09\/IMG_7312-1024x768.jpg\" alt=\"\" class=\"wp-image-1907\" srcset=\"https:\/\/www.kinderartikelboerse-pratteln.ch\/wp-content\/uploads\/2022\/09\/IMG_7312-1024x768.jpg 1024w, https:\/\/www.kinderartikelboerse-pratteln.ch\/wp-content\/uploads\/2022\/09\/IMG_7312-300x225.jpg 300w, https:\/\/www.kinderartikelboerse-pratteln.ch\/wp-content\/uploads\/2022\/09\/IMG_7312-768x576.jpg 768w, https:\/\/www.kinderartikelboerse-pratteln.ch\/wp-content\/uploads\/2022\/09\/IMG_7312-1536x1152.jpg 1536w, https:\/\/www.kinderartikelboerse-pratteln.ch\/wp-content\/uploads\/2022\/09\/IMG_7312-2048x1536.jpg 2048w, https:\/\/www.kinderartikelboerse-pratteln.ch\/wp-content\/uploads\/2022\/09\/IMG_7312-1200x900.jpg 1200w, https:\/\/www.kinderartikelboerse-pratteln.ch\/wp-content\/uploads\/2022\/09\/IMG_7312-1980x1485.jpg 1980w\" sizes=\"auto, (max-width: 1024px) 100vw, 1024px\" \/><\/figure>\n<\/figure>\n<\/div><\/div>\n<\/div><\/div>\n<\/div>\n\n\n\n<div class=\"wp-block-column is-layout-flow wp-block-column-is-layout-flow\">\n<div class=\"wp-block-group has-subtle-background-background-color has-background\"><div class=\"wp-block-group__inner-container is-layout-flow wp-block-group-is-layout-flow\">\n<figure class=\"wp-block-gallery has-nested-images columns-default is-cropped wp-block-gallery-3 is-layout-flex wp-block-gallery-is-layout-flex\">\n<figure class=\"wp-block-image size-large\"><img loading=\"lazy\" decoding=\"async\" width=\"1024\" height=\"768\" data-id=\"1877\" src=\"https:\/\/www.kinderartikelboerse-pratteln.ch\/wp-content\/uploads\/2022\/09\/cf53d261-9f64-4054-a49f-3313e62d83ab-1024x768.jpg\" alt=\"\" class=\"wp-image-1877\" srcset=\"https:\/\/www.kinderartikelboerse-pratteln.ch\/wp-content\/uploads\/2022\/09\/cf53d261-9f64-4054-a49f-3313e62d83ab-1024x768.jpg 1024w, https:\/\/www.kinderartikelboerse-pratteln.ch\/wp-content\/uploads\/2022\/09\/cf53d261-9f64-4054-a49f-3313e62d83ab-300x225.jpg 300w, https:\/\/www.kinderartikelboerse-pratteln.ch\/wp-content\/uploads\/2022\/09\/cf53d261-9f64-4054-a49f-3313e62d83ab-768x576.jpg 768w, https:\/\/www.kinderartikelboerse-pratteln.ch\/wp-content\/uploads\/2022\/09\/cf53d261-9f64-4054-a49f-3313e62d83ab-1536x1152.jpg 1536w, https:\/\/www.kinderartikelboerse-pratteln.ch\/wp-content\/uploads\/2022\/09\/cf53d261-9f64-4054-a49f-3313e62d83ab-1200x900.jpg 1200w, https:\/\/www.kinderartikelboerse-pratteln.ch\/wp-content\/uploads\/2022\/09\/cf53d261-9f64-4054-a49f-3313e62d83ab-1980x1485.jpg 1980w, https:\/\/www.kinderartikelboerse-pratteln.ch\/wp-content\/uploads\/2022\/09\/cf53d261-9f64-4054-a49f-3313e62d83ab.jpg 2048w\" sizes=\"auto, (max-width: 1024px) 100vw, 1024px\" \/><\/figure>\n<\/figure>\n<\/div><\/div>\n\n\n\n<div class=\"wp-block-group has-subtle-background-background-color has-background\"><div class=\"wp-block-group__inner-container is-layout-flow wp-block-group-is-layout-flow\"><div class=\"wp-block-image\">\n<figure class=\"aligncenter size-large is-resized\"><img loading=\"lazy\" decoding=\"async\" width=\"768\" height=\"1024\" src=\"https:\/\/www.kinderartikelboerse-pratteln.ch\/wp-content\/uploads\/2023\/06\/IMG_20230321_121029-768x1024.jpg\" alt=\"\" class=\"wp-image-2106\" style=\"width:167px;height:223px\"\/><\/figure><\/div><\/div><\/div>\n<\/div>\n<\/div>\n<\/div>\n<\/div>\n\n\n\n<hr class=\"wp-block-separator has-alpha-channel-opacity has-electric-grass-gradient-background has-background is-style-wide\"\/>\n\n\n\n<p class=\"has-text-align-center has-electric-grass-gradient-background has-background\" style=\"font-size:25px\">Willkommen im Hort<\/p>\n\n\n\n<p class=\"has-small-font-size\">Unser Kinderhort ist ge\u00f6ffnet w\u00e4rend des B\u00f6rsentages<\/p>\n\n\n\n<p class=\"has-text-color\" style=\"color:#7c20cd\"><strong>Mittwoch: 9:00 &#8211; 15:00 Uhr durchgehend ge\u00f6ffnet<\/strong><\/p>\n\n\n\n<div class=\"wp-block-columns is-layout-flex wp-container-core-columns-is-layout-9d6595d7 wp-block-columns-is-layout-flex\">\n<div class=\"wp-block-column is-layout-flow wp-block-column-is-layout-flow\" style=\"flex-basis:100%\">\n<div class=\"wp-block-group\"><div class=\"wp-block-group__inner-container is-layout-flow wp-block-group-is-layout-flow\">\n<div class=\"wp-block-columns is-layout-flex wp-container-core-columns-is-layout-9d6595d7 wp-block-columns-is-layout-flex\">\n<div class=\"wp-block-column is-layout-flow wp-block-column-is-layout-flow\" style=\"flex-basis:100%\">\n<figure class=\"wp-block-gallery has-nested-images columns-default is-cropped wp-block-gallery-4 is-layout-flex wp-block-gallery-is-layout-flex\">\n<figure class=\"wp-block-image size-large\"><img loading=\"lazy\" decoding=\"async\" width=\"3584\" height=\"2688\" data-id=\"2437\" src=\"https:\/\/www.kinderartikelboerse-pratteln.ch\/wp-content\/uploads\/2023\/10\/IMG_20230321_165151-edited-1.jpg\" alt=\"\" class=\"wp-image-2437\" srcset=\"https:\/\/www.kinderartikelboerse-pratteln.ch\/wp-content\/uploads\/2023\/10\/IMG_20230321_165151-edited-1.jpg 3584w, https:\/\/www.kinderartikelboerse-pratteln.ch\/wp-content\/uploads\/2023\/10\/IMG_20230321_165151-edited-1-300x225.jpg 300w, https:\/\/www.kinderartikelboerse-pratteln.ch\/wp-content\/uploads\/2023\/10\/IMG_20230321_165151-edited-1-1024x768.jpg 1024w, https:\/\/www.kinderartikelboerse-pratteln.ch\/wp-content\/uploads\/2023\/10\/IMG_20230321_165151-edited-1-768x576.jpg 768w, https:\/\/www.kinderartikelboerse-pratteln.ch\/wp-content\/uploads\/2023\/10\/IMG_20230321_165151-edited-1-1536x1152.jpg 1536w, https:\/\/www.kinderartikelboerse-pratteln.ch\/wp-content\/uploads\/2023\/10\/IMG_20230321_165151-edited-1-2048x1536.jpg 2048w, https:\/\/www.kinderartikelboerse-pratteln.ch\/wp-content\/uploads\/2023\/10\/IMG_20230321_165151-edited-1-1200x900.jpg 1200w, https:\/\/www.kinderartikelboerse-pratteln.ch\/wp-content\/uploads\/2023\/10\/IMG_20230321_165151-edited-1-1980x1485.jpg 1980w\" sizes=\"auto, (max-width: 3584px) 100vw, 3584px\" \/><\/figure>\n<\/figure>\n<\/div>\n<\/div>\n<\/div><\/div>\n<\/div>\n<\/div>\n\n\n\n<div class=\"wp-block-buttons alignwide is-content-justification-center is-layout-flex wp-container-core-buttons-is-layout-28206b41 wp-block-buttons-is-layout-flex\">\n<div class=\"wp-block-button has-custom-width wp-block-button__width-75 is-style-fill\"><a class=\"wp-block-button__link has-background-color has-electric-grass-gradient-background has-text-color has-background has-normal-font-size has-custom-font-size wp-element-button\" href=\"https:\/\/www.kinderartikelboerse-pratteln.ch\/?page_id=715\" style=\"border-radius:100px\">Bilder Gallerie<\/a><\/div>\n<\/div>\n\n\n<div class=\"wp-block-image\">\n<figure class=\"aligncenter size-full is-resized\"><img loading=\"lazy\" decoding=\"async\" width=\"181\" height=\"180\" src=\"https:\/\/www.kinderartikelboerse-pratteln.ch\/wp-content\/uploads\/2021\/02\/cropped-Logo_Hintergrund_transparent_kleiner.png\" alt=\"\" class=\"wp-image-1035\" style=\"width:163px;height:162px\" srcset=\"https:\/\/www.kinderartikelboerse-pratteln.ch\/wp-content\/uploads\/2021\/02\/cropped-Logo_Hintergrund_transparent_kleiner.png 181w, https:\/\/www.kinderartikelboerse-pratteln.ch\/wp-content\/uploads\/2021\/02\/cropped-Logo_Hintergrund_transparent_kleiner-150x150.png 150w\" sizes=\"auto, (max-width: 181px) 100vw, 181px\" \/><\/figure><\/div>\n\n\n<hr class=\"wp-block-separator has-text-color has-css-opacity has-background is-style-wide\" style=\"background-color:#63a300;color:#63a300\"\/>\n\n\n\n<p class=\"has-text-align-center has-subtle-background-background-color has-background has-small-font-size\"><em><em><mark style=\"background-color:rgba(0, 0, 0, 0)\" class=\"has-inline-color has-primary-color\"><em><em><em><strong><br><\/strong><\/em><\/em><\/em><\/mark><\/em><\/em><mark style=\"background-color:rgba(0, 0, 0, 0)\" class=\"has-inline-color has-primary-color\"><mark style=\"background-color:rgba(0, 0, 0, 0)\" class=\"has-inline-color has-primary-color\"><strong>Fr\u00fchling 2026: Dienstag 24. &amp; Mittwoch 25. M\u00e4rz  <\/strong><\/mark><\/mark><\/p>\n\n\n\n<p class=\"has-text-align-left has-subtle-background-background-color has-background has-small-font-size\"><mark style=\"background-color:rgba(0, 0, 0, 0)\" class=\"has-inline-color has-secondary-color\"><em><em>Herbst 2026: Freitag 11. &amp; Samstag 12.Sept<\/em><\/em>. <\/mark><em><em><mark style=\"background-color:rgba(0, 0, 0, 0)\" class=\"has-inline-color has-secondary-color\">  <\/mark><\/em><\/em><\/p>\n\n\n\n<p class=\"has-text-align-left has-subtle-background-background-color has-background has-small-font-size\"><mark style=\"background-color:rgba(0, 0, 0, 0)\" class=\"has-inline-color has-secondary-color\"><mark style=\"background-color:rgba(0, 0, 0, 0)\" class=\"has-inline-color has-secondary-color\"><em><em>Fr\u00fchling <em><em><mark style=\"background-color:rgba(0, 0, 0, 0)\" class=\"has-inline-color has-secondary-color\"><em><em><mark style=\"background-color:rgba(0, 0, 0, 0)\" class=\"has-inline-color has-secondary-color\">202<\/mark><\/em><\/em>7:<\/mark><\/em><\/em><\/em><\/em> <em><em><em><em>Dienstag 6. &amp; Mittwoch 7.April<\/em><\/em><\/em><\/em><\/mark><\/mark><\/p>\n\n\n\n<p class=\"has-subtle-background-background-color has-background has-small-font-size\"><mark style=\"background-color:rgba(0, 0, 0, 0)\" class=\"has-inline-color has-secondary-color\"><em><em>Herbst <em><em><mark style=\"background-color:rgba(0, 0, 0, 0)\" class=\"has-inline-color has-secondary-color\"><em><em><mark style=\"background-color:rgba(0, 0, 0, 0)\" class=\"has-inline-color has-secondary-color\">202<\/mark><\/em><\/em>7:<\/mark><\/em><\/em><\/em><\/em> <em><em><em><em>Freitag 17. &amp; Samstag 18. September<\/em><\/em><\/em><\/em><\/mark><\/p>\n","protected":false},"excerpt":{"rendered":"<p>Willkommen im Bistro Mittwoch: 9:00 &#8211; 15:00 Uhr f\u00fcr alle ge\u00f6ffnet Wir akzeptieren Twint und Barzahlung. Willkommen im Hort Unser Kinderhort ist ge\u00f6ffnet w\u00e4rend des B\u00f6rsentages Mittwoch: 9:00 &#8211; 15:00 Uhr durchgehend ge\u00f6ffnet Fr\u00fchling 2026: Dienstag 24. &amp; Mittwoch 25. M\u00e4rz Herbst 2026: Freitag 11. &amp; Samstag 12.Sept. Fr\u00fchling 2027: Dienstag 6. &amp; Mittwoch 7.April [&hellip;]<\/p>\n","protected":false},"author":1,"featured_media":1867,"parent":0,"menu_order":0,"comment_status":"closed","ping_status":"closed","template":"templates\/template-cover.php","meta":{"footnotes":""},"class_list":["post-1673","page","type-page","status-publish","has-post-thumbnail","hentry"],"yoast_head":"<!-- This site is optimized with the Yoast SEO plugin v26.7 - https:\/\/yoast.com\/wordpress\/plugins\/seo\/ -->\n<title>Bistro und Hort - Kinderartikelb\u00f6rse Pratteln<\/title>\n<meta name=\"robots\" content=\"index, follow, max-snippet:-1, max-image-preview:large, max-video-preview:-1\" \/>\n<link rel=\"canonical\" href=\"https:\/\/www.kinderartikelboerse-pratteln.ch\/?page_id=1673\" \/>\n<meta property=\"og:locale\" content=\"de_DE\" \/>\n<meta property=\"og:type\" content=\"article\" \/>\n<meta property=\"og:title\" content=\"Bistro und Hort - Kinderartikelb\u00f6rse Pratteln\" \/>\n<meta property=\"og:description\" content=\"Willkommen im Bistro Mittwoch: 9:00 &#8211; 15:00 Uhr f\u00fcr alle ge\u00f6ffnet Wir akzeptieren Twint und Barzahlung. Willkommen im Hort Unser Kinderhort ist ge\u00f6ffnet w\u00e4rend des B\u00f6rsentages Mittwoch: 9:00 &#8211; 15:00 Uhr durchgehend ge\u00f6ffnet Fr\u00fchling 2026: Dienstag 24. &amp; Mittwoch 25. M\u00e4rz Herbst 2026: Freitag 11. &amp; Samstag 12.Sept. Fr\u00fchling 2027: Dienstag 6. &amp; Mittwoch 7.April [&hellip;]\" \/>\n<meta property=\"og:url\" content=\"https:\/\/www.kinderartikelboerse-pratteln.ch\/?page_id=1673\" \/>\n<meta property=\"og:site_name\" content=\"Kinderartikelb\u00f6rse Pratteln\" \/>\n<meta property=\"article:publisher\" content=\"https:\/\/fb.me\/e\/1zwpyha9V\" \/>\n<meta property=\"article:modified_time\" content=\"2026-01-19T20:53:49+00:00\" \/>\n<meta property=\"og:image\" content=\"https:\/\/www.kinderartikelboerse-pratteln.ch\/wp-content\/uploads\/2022\/09\/4e8f90a9-c602-4eb6-af36-657a651ee8c9.jpg\" \/>\n\t<meta property=\"og:image:width\" content=\"2048\" \/>\n\t<meta property=\"og:image:height\" content=\"1536\" \/>\n\t<meta property=\"og:image:type\" content=\"image\/jpeg\" \/>\n<meta name=\"twitter:card\" content=\"summary_large_image\" \/>\n<script type=\"application\/ld+json\" class=\"yoast-schema-graph\">{\"@context\":\"https:\/\/schema.org\",\"@graph\":[{\"@type\":\"WebPage\",\"@id\":\"https:\/\/www.kinderartikelboerse-pratteln.ch\/?page_id=1673\",\"url\":\"https:\/\/www.kinderartikelboerse-pratteln.ch\/?page_id=1673\",\"name\":\"Bistro und Hort - Kinderartikelb\u00f6rse Pratteln\",\"isPartOf\":{\"@id\":\"https:\/\/www.kinderartikelboerse-pratteln.ch\/#website\"},\"primaryImageOfPage\":{\"@id\":\"https:\/\/www.kinderartikelboerse-pratteln.ch\/?page_id=1673#primaryimage\"},\"image\":{\"@id\":\"https:\/\/www.kinderartikelboerse-pratteln.ch\/?page_id=1673#primaryimage\"},\"thumbnailUrl\":\"https:\/\/www.kinderartikelboerse-pratteln.ch\/wp-content\/uploads\/2022\/09\/4e8f90a9-c602-4eb6-af36-657a651ee8c9.jpg\",\"datePublished\":\"2022-08-19T06:13:03+00:00\",\"dateModified\":\"2026-01-19T20:53:49+00:00\",\"breadcrumb\":{\"@id\":\"https:\/\/www.kinderartikelboerse-pratteln.ch\/?page_id=1673#breadcrumb\"},\"inLanguage\":\"de-CH\",\"potentialAction\":[{\"@type\":\"ReadAction\",\"target\":[\"https:\/\/www.kinderartikelboerse-pratteln.ch\/?page_id=1673\"]}]},{\"@type\":\"ImageObject\",\"inLanguage\":\"de-CH\",\"@id\":\"https:\/\/www.kinderartikelboerse-pratteln.ch\/?page_id=1673#primaryimage\",\"url\":\"https:\/\/www.kinderartikelboerse-pratteln.ch\/wp-content\/uploads\/2022\/09\/4e8f90a9-c602-4eb6-af36-657a651ee8c9.jpg\",\"contentUrl\":\"https:\/\/www.kinderartikelboerse-pratteln.ch\/wp-content\/uploads\/2022\/09\/4e8f90a9-c602-4eb6-af36-657a651ee8c9.jpg\",\"width\":2048,\"height\":1536},{\"@type\":\"BreadcrumbList\",\"@id\":\"https:\/\/www.kinderartikelboerse-pratteln.ch\/?page_id=1673#breadcrumb\",\"itemListElement\":[{\"@type\":\"ListItem\",\"position\":1,\"name\":\"Startseite\",\"item\":\"https:\/\/www.kinderartikelboerse-pratteln.ch\/\"},{\"@type\":\"ListItem\",\"position\":2,\"name\":\"Bistro und Hort\"}]},{\"@type\":\"WebSite\",\"@id\":\"https:\/\/www.kinderartikelboerse-pratteln.ch\/#website\",\"url\":\"https:\/\/www.kinderartikelboerse-pratteln.ch\/\",\"name\":\"Kinderartikelb\u00f6rse Pratteln\",\"description\":\"\",\"publisher\":{\"@id\":\"https:\/\/www.kinderartikelboerse-pratteln.ch\/#organization\"},\"potentialAction\":[{\"@type\":\"SearchAction\",\"target\":{\"@type\":\"EntryPoint\",\"urlTemplate\":\"https:\/\/www.kinderartikelboerse-pratteln.ch\/?s={search_term_string}\"},\"query-input\":{\"@type\":\"PropertyValueSpecification\",\"valueRequired\":true,\"valueName\":\"search_term_string\"}}],\"inLanguage\":\"de-CH\"},{\"@type\":\"Organization\",\"@id\":\"https:\/\/www.kinderartikelboerse-pratteln.ch\/#organization\",\"name\":\"Kinderartikelb\u00f6rse Pratteln\",\"url\":\"https:\/\/www.kinderartikelboerse-pratteln.ch\/\",\"logo\":{\"@type\":\"ImageObject\",\"inLanguage\":\"de-CH\",\"@id\":\"https:\/\/www.kinderartikelboerse-pratteln.ch\/#\/schema\/logo\/image\/\",\"url\":\"https:\/\/www.kinderartikelboerse-pratteln.ch\/wp-content\/uploads\/2021\/02\/cropped-Logo_Hintergrund_transparent.jpg\",\"contentUrl\":\"https:\/\/www.kinderartikelboerse-pratteln.ch\/wp-content\/uploads\/2021\/02\/cropped-Logo_Hintergrund_transparent.jpg\",\"width\":400,\"height\":398,\"caption\":\"Kinderartikelb\u00f6rse Pratteln\"},\"image\":{\"@id\":\"https:\/\/www.kinderartikelboerse-pratteln.ch\/#\/schema\/logo\/image\/\"},\"sameAs\":[\"https:\/\/fb.me\/e\/1zwpyha9V\",\"https:\/\/www.instagram.com\/kinderartikelboerse_pratteln\/\"]}]}<\/script>\n<!-- \/ Yoast SEO plugin. -->","yoast_head_json":{"title":"Bistro und Hort - Kinderartikelb\u00f6rse Pratteln","robots":{"index":"index","follow":"follow","max-snippet":"max-snippet:-1","max-image-preview":"max-image-preview:large","max-video-preview":"max-video-preview:-1"},"canonical":"https:\/\/www.kinderartikelboerse-pratteln.ch\/?page_id=1673","og_locale":"de_DE","og_type":"article","og_title":"Bistro und Hort - Kinderartikelb\u00f6rse Pratteln","og_description":"Willkommen im Bistro Mittwoch: 9:00 &#8211; 15:00 Uhr f\u00fcr alle ge\u00f6ffnet Wir akzeptieren Twint und Barzahlung. Willkommen im Hort Unser Kinderhort ist ge\u00f6ffnet w\u00e4rend des B\u00f6rsentages Mittwoch: 9:00 &#8211; 15:00 Uhr durchgehend ge\u00f6ffnet Fr\u00fchling 2026: Dienstag 24. &amp; Mittwoch 25. M\u00e4rz Herbst 2026: Freitag 11. &amp; Samstag 12.Sept. Fr\u00fchling 2027: Dienstag 6. &amp; Mittwoch 7.April [&hellip;]","og_url":"https:\/\/www.kinderartikelboerse-pratteln.ch\/?page_id=1673","og_site_name":"Kinderartikelb\u00f6rse Pratteln","article_publisher":"https:\/\/fb.me\/e\/1zwpyha9V","article_modified_time":"2026-01-19T20:53:49+00:00","og_image":[{"width":2048,"height":1536,"url":"https:\/\/www.kinderartikelboerse-pratteln.ch\/wp-content\/uploads\/2022\/09\/4e8f90a9-c602-4eb6-af36-657a651ee8c9.jpg","type":"image\/jpeg"}],"twitter_card":"summary_large_image","schema":{"@context":"https:\/\/schema.org","@graph":[{"@type":"WebPage","@id":"https:\/\/www.kinderartikelboerse-pratteln.ch\/?page_id=1673","url":"https:\/\/www.kinderartikelboerse-pratteln.ch\/?page_id=1673","name":"Bistro und Hort - Kinderartikelb\u00f6rse Pratteln","isPartOf":{"@id":"https:\/\/www.kinderartikelboerse-pratteln.ch\/#website"},"primaryImageOfPage":{"@id":"https:\/\/www.kinderartikelboerse-pratteln.ch\/?page_id=1673#primaryimage"},"image":{"@id":"https:\/\/www.kinderartikelboerse-pratteln.ch\/?page_id=1673#primaryimage"},"thumbnailUrl":"https:\/\/www.kinderartikelboerse-pratteln.ch\/wp-content\/uploads\/2022\/09\/4e8f90a9-c602-4eb6-af36-657a651ee8c9.jpg","datePublished":"2022-08-19T06:13:03+00:00","dateModified":"2026-01-19T20:53:49+00:00","breadcrumb":{"@id":"https:\/\/www.kinderartikelboerse-pratteln.ch\/?page_id=1673#breadcrumb"},"inLanguage":"de-CH","potentialAction":[{"@type":"ReadAction","target":["https:\/\/www.kinderartikelboerse-pratteln.ch\/?page_id=1673"]}]},{"@type":"ImageObject","inLanguage":"de-CH","@id":"https:\/\/www.kinderartikelboerse-pratteln.ch\/?page_id=1673#primaryimage","url":"https:\/\/www.kinderartikelboerse-pratteln.ch\/wp-content\/uploads\/2022\/09\/4e8f90a9-c602-4eb6-af36-657a651ee8c9.jpg","contentUrl":"https:\/\/www.kinderartikelboerse-pratteln.ch\/wp-content\/uploads\/2022\/09\/4e8f90a9-c602-4eb6-af36-657a651ee8c9.jpg","width":2048,"height":1536},{"@type":"BreadcrumbList","@id":"https:\/\/www.kinderartikelboerse-pratteln.ch\/?page_id=1673#breadcrumb","itemListElement":[{"@type":"ListItem","position":1,"name":"Startseite","item":"https:\/\/www.kinderartikelboerse-pratteln.ch\/"},{"@type":"ListItem","position":2,"name":"Bistro und Hort"}]},{"@type":"WebSite","@id":"https:\/\/www.kinderartikelboerse-pratteln.ch\/#website","url":"https:\/\/www.kinderartikelboerse-pratteln.ch\/","name":"Kinderartikelb\u00f6rse Pratteln","description":"","publisher":{"@id":"https:\/\/www.kinderartikelboerse-pratteln.ch\/#organization"},"potentialAction":[{"@type":"SearchAction","target":{"@type":"EntryPoint","urlTemplate":"https:\/\/www.kinderartikelboerse-pratteln.ch\/?s={search_term_string}"},"query-input":{"@type":"PropertyValueSpecification","valueRequired":true,"valueName":"search_term_string"}}],"inLanguage":"de-CH"},{"@type":"Organization","@id":"https:\/\/www.kinderartikelboerse-pratteln.ch\/#organization","name":"Kinderartikelb\u00f6rse Pratteln","url":"https:\/\/www.kinderartikelboerse-pratteln.ch\/","logo":{"@type":"ImageObject","inLanguage":"de-CH","@id":"https:\/\/www.kinderartikelboerse-pratteln.ch\/#\/schema\/logo\/image\/","url":"https:\/\/www.kinderartikelboerse-pratteln.ch\/wp-content\/uploads\/2021\/02\/cropped-Logo_Hintergrund_transparent.jpg","contentUrl":"https:\/\/www.kinderartikelboerse-pratteln.ch\/wp-content\/uploads\/2021\/02\/cropped-Logo_Hintergrund_transparent.jpg","width":400,"height":398,"caption":"Kinderartikelb\u00f6rse Pratteln"},"image":{"@id":"https:\/\/www.kinderartikelboerse-pratteln.ch\/#\/schema\/logo\/image\/"},"sameAs":["https:\/\/fb.me\/e\/1zwpyha9V","https:\/\/www.instagram.com\/kinderartikelboerse_pratteln\/"]}]}},"_links":{"self":[{"href":"https:\/\/www.kinderartikelboerse-pratteln.ch\/index.php?rest_route=\/wp\/v2\/pages\/1673","targetHints":{"allow":["GET"]}}],"collection":[{"href":"https:\/\/www.kinderartikelboerse-pratteln.ch\/index.php?rest_route=\/wp\/v2\/pages"}],"about":[{"href":"https:\/\/www.kinderartikelboerse-pratteln.ch\/index.php?rest_route=\/wp\/v2\/types\/page"}],"author":[{"embeddable":true,"href":"https:\/\/www.kinderartikelboerse-pratteln.ch\/index.php?rest_route=\/wp\/v2\/users\/1"}],"replies":[{"embeddable":true,"href":"https:\/\/www.kinderartikelboerse-pratteln.ch\/index.php?rest_route=%2Fwp%2Fv2%2Fcomments&post=1673"}],"version-history":[{"count":111,"href":"https:\/\/www.kinderartikelboerse-pratteln.ch\/index.php?rest_route=\/wp\/v2\/pages\/1673\/revisions"}],"predecessor-version":[{"id":3195,"href":"https:\/\/www.kinderartikelboerse-pratteln.ch\/index.php?rest_route=\/wp\/v2\/pages\/1673\/revisions\/3195"}],"wp:featuredmedia":[{"embeddable":true,"href":"https:\/\/www.kinderartikelboerse-pratteln.ch\/index.php?rest_route=\/wp\/v2\/media\/1867"}],"wp:attachment":[{"href":"https:\/\/www.kinderartikelboerse-pratteln.ch\/index.php?rest_route=%2Fwp%2Fv2%2Fmedia&parent=1673"}],"curies":[{"name":"wp","href":"https:\/\/api.w.org\/{rel}","templated":true}]}}